{"id":94,"date":"2023-09-06T11:33:37","date_gmt":"2023-09-06T11:33:37","guid":{"rendered":"https:\/\/staging.stadtkulturbeirat-steyr.at\/?page_id=94"},"modified":"2025-11-14T10:13:40","modified_gmt":"2025-11-14T10:13:40","slug":"mitglieder","status":"publish","type":"page","link":"https:\/\/www.stadtkulturbeirat-steyr.at\/?page_id=94","title":{"rendered":"Mitglieder"},"content":{"rendered":"\n<h2 class=\"wp-block-heading has-text-align-center has-text-color has-large-font-size\" style=\"color:#5c8231\">MITGLIEDER<\/h2>\n\n\n\n<h2 class=\"wp-block-heading has-text-align-center has-text-color\" style=\"color:#5c8231\">Wer macht mit beim Stadtkulturbeirat?<\/h2>\n\n\n\n<p><strong>LEITUNG<\/strong><\/p>\n\n\n\n<div class=\"wp-block-columns is-layout-flex wp-container-core-columns-is-layout-28f84493 wp-block-columns-is-layout-flex\">\n<div class=\"wp-block-column is-layout-flow wp-block-column-is-layout-flow\" style=\"flex-basis:33.33%\">\n<figure class=\"wp-block-image size-full is-resized\"><img loading=\"lazy\" decoding=\"async\" width=\"414\" height=\"414\" src=\"https:\/\/www.stadtkulturbeirat-steyr.at\/wp-content\/uploads\/2023\/10\/image.png\" alt=\"\" class=\"wp-image-371\" style=\"width:269px\" srcset=\"https:\/\/www.stadtkulturbeirat-steyr.at\/wp-content\/uploads\/2023\/10\/image.png 414w, https:\/\/www.stadtkulturbeirat-steyr.at\/wp-content\/uploads\/2023\/10\/image-300x300.png 300w, https:\/\/www.stadtkulturbeirat-steyr.at\/wp-content\/uploads\/2023\/10\/image-150x150.png 150w\" sizes=\"auto, (max-width: 414px) 100vw, 414px\" \/><\/figure>\n<\/div>\n\n\n\n<div class=\"wp-block-column is-layout-flow wp-block-column-is-layout-flow\" style=\"flex-basis:66.66%\">\n<p><strong>Gabriele Prachowny<\/strong><\/p>\n\n\n\n<p>Zust\u00e4ndigkeitsbereich: PR und \u00d6ffentlichkeitsarbeit<\/p>\n\n\n\n<p>Gaby \u201e<a href=\"https:\/\/wortreich.at\/lifeblog\/\" target=\"_blank\" rel=\"noreferrer noopener\">WortReich<\/a>\u201c, Texterin, Autorin, Life Coach\/Seelenberaterin, Netzwerkerin aus Leidenschaft&nbsp;.<\/p>\n\n\n\n<p>Zu viel kreatives Potential schlummert im Verbogenen und geht wom\u00f6glich sogar unentdeckt verloren. Welch eine Verschwendung! Kreativit\u00e4t geh\u00f6rt ins Licht, Zusammenarbeit bringt Kraft und Bewegung ins Spiel. In der Verbindung kann Gro\u00dfes entstehen. Praktische erg\u00e4nzen \u201eVer-r\u00fcckte\u201c, Organisatoren die Chaoten, Bodenst\u00e4ndige die Entr\u00fcckten \u2026. Das Zusammenwirken der Kr\u00e4fte l\u00e4sst Undenkbares in greifbare N\u00e4he r\u00fccken und W\u00fcnsche Realit\u00e4t werden. Meine Vision, mein Antrieb.<\/p>\n<\/div>\n<\/div>\n\n\n\n<p><\/p>\n\n\n\n<p><strong>LEITUNG<\/strong><\/p>\n\n\n\n<div class=\"wp-block-columns is-layout-flex wp-container-core-columns-is-layout-28f84493 wp-block-columns-is-layout-flex\">\n<div class=\"wp-block-column is-layout-flow wp-block-column-is-layout-flow\" style=\"flex-basis:33.33%\">\n<figure class=\"wp-block-image size-full is-resized\"><img loading=\"lazy\" decoding=\"async\" width=\"414\" height=\"414\" src=\"https:\/\/www.stadtkulturbeirat-steyr.at\/wp-content\/uploads\/2023\/09\/sabine-kliment-feuerberg-skb-steyr-stadtkulturbeirat-steyr.jpg\" alt=\"\" class=\"wp-image-109\" style=\"width:269px;height:266px\" srcset=\"https:\/\/www.stadtkulturbeirat-steyr.at\/wp-content\/uploads\/2023\/09\/sabine-kliment-feuerberg-skb-steyr-stadtkulturbeirat-steyr.jpg 414w, https:\/\/www.stadtkulturbeirat-steyr.at\/wp-content\/uploads\/2023\/09\/sabine-kliment-feuerberg-skb-steyr-stadtkulturbeirat-steyr-300x300.jpg 300w, https:\/\/www.stadtkulturbeirat-steyr.at\/wp-content\/uploads\/2023\/09\/sabine-kliment-feuerberg-skb-steyr-stadtkulturbeirat-steyr-150x150.jpg 150w\" sizes=\"auto, (max-width: 414px) 100vw, 414px\" \/><\/figure>\n<\/div>\n\n\n\n<div class=\"wp-block-column is-layout-flow wp-block-column-is-layout-flow\" style=\"flex-basis:66.66%\">\n<p><strong>Sabine Kliment-Feuerberg<\/strong><br><br>Zust\u00e4ndigkeitsbereich: Grafik\/Print; Bildende Kunst<\/p>\n\n\n\n<p>Ausbildung in der altehrw\u00fcrdigen Bl\u00fcmelhubervilla \/ HTL Steyr &#8211; Metalldesign (Goldschmiede)&nbsp;und jahrzehntelang selbst\u00e4ndige Werbegrafikerin.<\/p>\n\n\n\n<p>Seit 2017 Grafik\/Malerei (Portrait und mehr)&nbsp;<br><a rel=\"noreferrer noopener\" href=\"http:\/\/galerie.kliment-feuerberg.at\/%20\" target=\"_blank\">http:\/\/galerie.kliment-feuerberg.at\/&nbsp;<\/a><\/p>\n\n\n\n<p>&#8222;Ich will mit meiner langj\u00e4hrigen Erfahrung meiner Heimatstadt und ihrer Bev\u00f6lkerung n\u00fctzlich sein und beim Kr\u00e4fte b\u00fcndeln aller kulturell Schaffenden mitwirken.<\/p>\n\n\n\n<p>Unser Steyrer Potential zur Geltung bringen &#8211; Steyr soll auch in Zukunft attraktiv und interessant sein.&#8220;&nbsp;<\/p>\n<\/div>\n<\/div>\n\n\n\n<p><\/p>\n\n\n\n<h3 class=\"wp-block-heading\" id=\"cc-m-header-16509946924\">AKTIVE MITGLIEDER<\/h3>\n\n\n\n<p><em><strong>Nachfolgend in alphabetischer Reihenfolge:<\/strong><\/em><\/p>\n\n\n\n<div class=\"wp-block-columns is-layout-flex wp-container-core-columns-is-layout-28f84493 wp-block-columns-is-layout-flex\">\n<div class=\"wp-block-column is-layout-flow wp-block-column-is-layout-flow\" style=\"flex-basis:33.33%\">\n<figure class=\"wp-block-image size-full is-resized\"><img loading=\"lazy\" decoding=\"async\" width=\"750\" height=\"758\" src=\"https:\/\/www.stadtkulturbeirat-steyr.at\/wp-content\/uploads\/2023\/10\/ulli-dorner.jpg\" alt=\"\" class=\"wp-image-384\" style=\"width:269px\" srcset=\"https:\/\/www.stadtkulturbeirat-steyr.at\/wp-content\/uploads\/2023\/10\/ulli-dorner.jpg 750w, https:\/\/www.stadtkulturbeirat-steyr.at\/wp-content\/uploads\/2023\/10\/ulli-dorner-297x300.jpg 297w\" sizes=\"auto, (max-width: 750px) 100vw, 750px\" \/><\/figure>\n<\/div>\n\n\n\n<div class=\"wp-block-column is-layout-flow wp-block-column-is-layout-flow\" style=\"flex-basis:66.66%\">\n<p><strong>Ulrike Dorner<\/strong><\/p>\n\n\n\n<p>Grafik Designerin&nbsp;<\/p>\n\n\n\n<p>Aufgewachsen im Dorf in Nieder\u00f6sterreich, mit 23 die Zelte in Wien aufgeschlagen, um dort zun\u00e4chst Fotografie und dann Grafik Design zu studieren, bin ich Wahlsteyrerin und liebe die rauhe Urkraft der Stadt und ihrer Bewohner*innen. Wiederspruch und Kontext, Zwischenraum und Eindeutigkeit, das nicht planbare, ebenso wie die \u00fcberlieferte Tradition, sind es, was mich neugierig macht.<\/p>\n<\/div>\n<\/div>\n\n\n\n<p><\/p>\n\n\n\n<div class=\"wp-block-columns is-layout-flex wp-container-core-columns-is-layout-28f84493 wp-block-columns-is-layout-flex\">\n<div class=\"wp-block-column is-layout-flow wp-block-column-is-layout-flow\" style=\"flex-basis:33.33%\">\n<figure class=\"wp-block-image size-full is-resized\"><img loading=\"lazy\" decoding=\"async\" width=\"476\" height=\"481\" src=\"https:\/\/www.stadtkulturbeirat-steyr.at\/wp-content\/uploads\/2023\/11\/brigitte-eggenberger.jpg\" alt=\"\" class=\"wp-image-393\" style=\"width:269px\" srcset=\"https:\/\/www.stadtkulturbeirat-steyr.at\/wp-content\/uploads\/2023\/11\/brigitte-eggenberger.jpg 476w, https:\/\/www.stadtkulturbeirat-steyr.at\/wp-content\/uploads\/2023\/11\/brigitte-eggenberger-297x300.jpg 297w\" sizes=\"auto, (max-width: 476px) 100vw, 476px\" \/><\/figure>\n<\/div>\n\n\n\n<div class=\"wp-block-column is-layout-flow wp-block-column-is-layout-flow\" style=\"flex-basis:66.66%\">\n<p><strong>Brigitte Eggenberger<\/strong><br><br>Studium Visuelle Mediengestaltung an der Kunstuni Linz &#8211; danach freischaffend f\u00fcr verschiedene Firmen und Werbeagenturen t\u00e4tig.<\/p>\n\n\n\n<p>Leitung eines Aktzeichenkurses abwechselnd mit Isa Stein im Museum Angerlehner.<\/p>\n\n\n\n<p>Englisch Trainerin f\u00fcr die Mitarbeiter internationaler Firmenkonzerne.<\/p>\n\n\n\n<p>Vernetzt mit Kulturschaffenden m\u00f6chte ich gerne dazu beitragen, gemeinsam etwas Gutes entstehen zu lassen.<\/p>\n\n\n\n<p>Wichtig w\u00e4re mir dabei, den Horizont von regional auf international zu erweitern und einen Austausch mit K\u00fcnstlern aus aller Welt auf den Weg zu bringen.<\/p>\n<\/div>\n<\/div>\n\n\n\n<p><\/p>\n\n\n\n<div class=\"wp-block-columns is-layout-flex wp-container-core-columns-is-layout-28f84493 wp-block-columns-is-layout-flex\">\n<div class=\"wp-block-column is-layout-flow wp-block-column-is-layout-flow\" style=\"flex-basis:33.33%\">\n<figure class=\"wp-block-image size-full is-resized\"><img loading=\"lazy\" decoding=\"async\" width=\"197\" height=\"197\" src=\"https:\/\/www.stadtkulturbeirat-steyr.at\/wp-content\/uploads\/2023\/09\/1664032727.jpg\" alt=\"\" class=\"wp-image-108\" style=\"width:269px;height:266px\" srcset=\"https:\/\/www.stadtkulturbeirat-steyr.at\/wp-content\/uploads\/2023\/09\/1664032727.jpg 197w, https:\/\/www.stadtkulturbeirat-steyr.at\/wp-content\/uploads\/2023\/09\/1664032727-150x150.jpg 150w\" sizes=\"auto, (max-width: 197px) 100vw, 197px\" \/><\/figure>\n<\/div>\n\n\n\n<div class=\"wp-block-column is-layout-flow wp-block-column-is-layout-flow\" style=\"flex-basis:66.66%\">\n<p><strong>Werner Lechner<\/strong><\/p>\n\n\n\n<p><\/p>\n<\/div>\n<\/div>\n\n\n\n<p><\/p>\n\n\n\n<div class=\"wp-block-columns is-layout-flex wp-container-core-columns-is-layout-28f84493 wp-block-columns-is-layout-flex\">\n<div class=\"wp-block-column is-layout-flow wp-block-column-is-layout-flow\" style=\"flex-basis:33.33%\">\n<figure class=\"wp-block-image size-full is-resized\"><img loading=\"lazy\" decoding=\"async\" width=\"414\" height=\"414\" src=\"https:\/\/www.stadtkulturbeirat-steyr.at\/wp-content\/uploads\/2023\/09\/image-1-1.jpg\" alt=\"\" class=\"wp-image-110\" style=\"width:269px;height:266px\" srcset=\"https:\/\/www.stadtkulturbeirat-steyr.at\/wp-content\/uploads\/2023\/09\/image-1-1.jpg 414w, https:\/\/www.stadtkulturbeirat-steyr.at\/wp-content\/uploads\/2023\/09\/image-1-1-300x300.jpg 300w, https:\/\/www.stadtkulturbeirat-steyr.at\/wp-content\/uploads\/2023\/09\/image-1-1-150x150.jpg 150w\" sizes=\"auto, (max-width: 414px) 100vw, 414px\" \/><\/figure>\n<\/div>\n\n\n\n<div class=\"wp-block-column is-layout-flow wp-block-column-is-layout-flow\" style=\"flex-basis:66.66%\">\n<p><strong>Frieda Pohlhammer<\/strong><\/p>\n\n\n\n<p>vormals Galeristin, jetzt Kunsth\u00e4ndlerin in Steyr.<\/p>\n\n\n\n<p>Frieda Pohlhammer hat in ihrem Kunst-Arbeitsleben nicht nur \u00fcber 340 Ausstellungen kuratiert und organisiert, sie war auch 4 Jahre lang Mitglied im O\u00d6 Landeskulturbeirat und 10 Jahre im Verein Eisenstrasse aktiv, einige davon als Mitglied des Vorstands.<\/p>\n\n\n\n<p>Eine sch\u00f6ne Erinnerung ist auch die Einladung in die Casa Giorgione in Castelfranco Veneto. Dort war sie als einzige \u00d6sterreicherin gebeten worden, ihre Sicht auf die \u00f6sterreichische Kunst zu pr\u00e4sentieren.&nbsp;<\/p>\n\n\n\n<p>Mit ihrer Jahrzehnte umspannenden Erfahrung im nationalen und internationalen Kunstmarkt kann sie den Stadtkulturbeirat in Fragen der bildenden Kunst stilsicher unterst\u00fctzen.<\/p>\n\n\n\n<p><\/p>\n<\/div>\n<\/div>\n\n\n\n<div class=\"wp-block-columns is-layout-flex wp-container-core-columns-is-layout-28f84493 wp-block-columns-is-layout-flex\">\n<div class=\"wp-block-column is-layout-flow wp-block-column-is-layout-flow\" style=\"flex-basis:33.33%\">\n<figure class=\"wp-block-image size-full is-resized\"><img loading=\"lazy\" decoding=\"async\" width=\"209\" height=\"209\" src=\"https:\/\/www.stadtkulturbeirat-steyr.at\/wp-content\/uploads\/2023\/09\/1664032771.jpg\" alt=\"\" class=\"wp-image-112\" style=\"width:269px;height:266px\" srcset=\"https:\/\/www.stadtkulturbeirat-steyr.at\/wp-content\/uploads\/2023\/09\/1664032771.jpg 209w, https:\/\/www.stadtkulturbeirat-steyr.at\/wp-content\/uploads\/2023\/09\/1664032771-150x150.jpg 150w\" sizes=\"auto, (max-width: 209px) 100vw, 209px\" \/><\/figure>\n<\/div>\n\n\n\n<div class=\"wp-block-column is-layout-flow wp-block-column-is-layout-flow\" style=\"flex-basis:66.66%\">\n<p><strong>Simone Rossacher<\/strong><\/p>\n\n\n\n<p>Krippen- und Lebensk\u00fcnstlerin, Steyrer Wasserfrau, Bewahrerin der Traditionen<\/p>\n\n\n\n<p>Ich wurde in eine Umgebung hineingeboren, die sowohl von Kunst und Kreativit\u00e4t, als auch von Traditionen gepr\u00e4gt war. Diese Gene meiner Familie haben sich bei mir offenbar nachhaltig durchgesetzt und bestimmen auch heute noch mein Schaffen und Sein.<\/p>\n\n\n\n<p>Als Kunsthandwerkerin, Restauratorin, Krippenbauerin und \u2013baulehrerin kennen mich die meisten \u2013 oder als sagenerz\u00e4hlende und handlesende Steyrer Wasserfrau.<\/p>\n\n\n\n<p>Die traditionelle Volkskunst \u2013 angefangen vom Krippenbau bis hin zum Gstanzl-Singen \u2013 liegt mir besonders am Herzen.<\/p>\n\n\n\n<p>Meine Intention im SKB Steyr: Das Aufrechterhalten der Traditionen zum neuen Trend machen und \u201ealte und neue Kunst und Kreativit\u00e4t\u201c zu verbinden.<\/p>\n\n\n\n<p><\/p>\n<\/div>\n<\/div>\n\n\n\n<div class=\"wp-block-columns is-layout-flex wp-container-core-columns-is-layout-28f84493 wp-block-columns-is-layout-flex\">\n<div class=\"wp-block-column is-layout-flow wp-block-column-is-layout-flow\" style=\"flex-basis:33.33%\">\n<figure class=\"wp-block-image size-full is-resized\"><img loading=\"lazy\" decoding=\"async\" width=\"414\" height=\"414\" src=\"https:\/\/www.stadtkulturbeirat-steyr.at\/wp-content\/uploads\/2023\/09\/gerlinde-sandmair-skb-steyr-stadtkulturbeirat-steyr.jpg\" alt=\"\" class=\"wp-image-113\" style=\"width:269px;height:266px\" srcset=\"https:\/\/www.stadtkulturbeirat-steyr.at\/wp-content\/uploads\/2023\/09\/gerlinde-sandmair-skb-steyr-stadtkulturbeirat-steyr.jpg 414w, https:\/\/www.stadtkulturbeirat-steyr.at\/wp-content\/uploads\/2023\/09\/gerlinde-sandmair-skb-steyr-stadtkulturbeirat-steyr-300x300.jpg 300w, https:\/\/www.stadtkulturbeirat-steyr.at\/wp-content\/uploads\/2023\/09\/gerlinde-sandmair-skb-steyr-stadtkulturbeirat-steyr-150x150.jpg 150w\" sizes=\"auto, (max-width: 414px) 100vw, 414px\" \/><\/figure>\n<\/div>\n\n\n\n<div class=\"wp-block-column is-layout-flow wp-block-column-is-layout-flow\" style=\"flex-basis:66.66%\">\n<p><strong>Gerlinde Sandmair, Mag.a<\/strong><\/p>\n\n\n\n<p>Zust\u00e4ndigkeitsbereich: SKB Webseite<\/p>\n\n\n\n<p>Als geb\u00fcrtige Steyrerin ist mir die Kunst und die Kultur in Steyr ein gro\u00dfes Anliegen. Mit der Stadt Steyr bin ich sehr tief verbunden, daher freue ich mich sehr, den Kunst- und Kulturbereich der Stadt Steyr im&nbsp;Team des Stadtkulturbeirates in Zukunft positiv beeinflussen zu d\u00fcrfen.<\/p>\n\n\n\n<p>Meine Hauptaufgabe im SKB ist die Optimierung und laufende Betreuung der SKB-Webseite, mit dem Ziel, eine immer bessere Vernetzung aller Kunst- und Kulturinteressierten in und um&nbsp;Steyr zu erreichen.<\/p>\n<\/div>\n<\/div>\n\n\n\n<p><\/p>\n\n\n\n<p><\/p>\n\n\n\n<div class=\"wp-block-columns is-layout-flex wp-container-core-columns-is-layout-28f84493 wp-block-columns-is-layout-flex\">\n<div class=\"wp-block-column is-layout-flow wp-block-column-is-layout-flow\" style=\"flex-basis:33.33%\">\n<figure class=\"wp-block-image size-large is-resized\"><img loading=\"lazy\" decoding=\"async\" width=\"1024\" height=\"1024\" src=\"https:\/\/www.stadtkulturbeirat-steyr.at\/wp-content\/uploads\/2025\/11\/thomasS-1024x1024.png\" alt=\"\" class=\"wp-image-608\" style=\"width:269px\" srcset=\"https:\/\/www.stadtkulturbeirat-steyr.at\/wp-content\/uploads\/2025\/11\/thomasS-1024x1024.png 1024w, https:\/\/www.stadtkulturbeirat-steyr.at\/wp-content\/uploads\/2025\/11\/thomasS-300x300.png 300w, https:\/\/www.stadtkulturbeirat-steyr.at\/wp-content\/uploads\/2025\/11\/thomasS-150x150.png 150w, https:\/\/www.stadtkulturbeirat-steyr.at\/wp-content\/uploads\/2025\/11\/thomasS.png 1067w\" sizes=\"auto, (max-width: 1024px) 100vw, 1024px\" \/><\/figure>\n<\/div>\n\n\n\n<div class=\"wp-block-column is-layout-flow wp-block-column-is-layout-flow\" style=\"flex-basis:66.66%\">\n<p><strong>Thomas Scheiblauer<\/strong><\/p>\n\n\n\n<p>Architekt, Kulturvermittler<\/p>\n\n\n\n<p>In Steyr aufgewachsen und fr\u00fch kunstsozialisiert, f\u00fchrte mich mein Weg nach dem BG Steyr zun\u00e4chst nach Wien: ein kurzer Abstecher in die Physik am Boltzmann-Institut, danach das Architekturstudium an der TU Wien mit Gastsemestern an der Akademie der bildenden K\u00fcnste. Seit 2012 arbeite ich als befugter Architekt. In Wien gr\u00fcndete ich meine Familie, mein Sohn ist heute 25.<\/p>\n\n\n\n<p>Mit meinem B\u00fcro polyloq Architektur am Stadtplatz 33 (seit 2024) engagiere ich mich f\u00fcr qualit\u00e4tsvolle Baukultur und eine vitale Innenstadt. Ich unterst\u00fctze aktiv junge K\u00fcnstler:innen, sammle ihre Arbeiten und versuche, ihnen Sichtbarkeit zu verschaffen. In Steyr setze ich mich f\u00fcr die Wiederbelebung des Stadtplatzes ein, zuletzt mit der Organisation des Baukulturstammtischs in Kooperation mit afo und TIC im Museum Arbeitswelt.<\/p>\n\n\n\n<p><\/p>\n<\/div>\n<\/div>\n\n\n\n<div class=\"wp-block-columns is-layout-flex wp-container-core-columns-is-layout-28f84493 wp-block-columns-is-layout-flex\">\n<div class=\"wp-block-column is-layout-flow wp-block-column-is-layout-flow\" style=\"flex-basis:33.33%\">\n<figure class=\"wp-block-image size-full is-resized\"><img loading=\"lazy\" decoding=\"async\" width=\"269\" height=\"266\" src=\"https:\/\/www.stadtkulturbeirat-steyr.at\/wp-content\/uploads\/2024\/02\/barbara-simetzberger.jpg\" alt=\"\" class=\"wp-image-407\" style=\"object-fit:cover;width:269px;height:266px\"\/><\/figure>\n<\/div>\n\n\n\n<div class=\"wp-block-column is-layout-flow wp-block-column-is-layout-flow\" style=\"flex-basis:66.66%\">\n<p><strong><strong>Barbara Simetzberger, Mag.<\/strong><\/strong><\/p>\n\n\n\n<p>Meine Leidenschaft zur Kunst versuche ich mit meinem Wirtschaftswissen in Einklang zu bringen. Gerne m\u00f6chte ich durch diese Verbindung zur kulturellen Entwicklung meiner Lieblingsstadt* beitragen. Als Tirolerin, die in Wien das Wirtschaftsstudium absolviert hat, habe ich damals versucht, durch das Studium PPP einen Ausgleich zur \u201eWU und ihren Wirtschaftsstudenten\u201c zu finden und mich in der Kunstwelt \u201eausbalanciert\u201c ;). Meine \u00dcberzeugung ist, dass die F\u00f6rderung der kulturellen Vielfalt in unserer Stadt einen positiven Einfluss auf unsere Gemeinschaft aus\u00fcbt. Mit Freude steuere ich meinen Beitrag bei.<\/p>\n\n\n\n<p>*eine kleine Ausnahme gibt es in Tirol<\/p>\n\n\n\n<p><\/p>\n<\/div>\n<\/div>\n\n\n\n<p><\/p>\n\n\n\n<div class=\"wp-block-buttons is-content-justification-center is-layout-flex wp-container-core-buttons-is-layout-a89b3969 wp-block-buttons-is-layout-flex\">\n<div class=\"wp-block-button has-custom-width wp-block-button__width-25\"><a class=\"wp-block-button__link has-background has-small-font-size has-text-align-center has-custom-font-size wp-element-button\" href=\"https:\/\/www.stadtkulturbeirat-steyr.at\/?page_id=116\" style=\"border-radius:13px;background-color:#5c8131\">Ehemalige Mitglieder<\/a><\/div>\n<\/div>\n\n\n\n<div style=\"height:50px\" aria-hidden=\"true\" class=\"wp-block-spacer\"><\/div>\n","protected":false},"excerpt":{"rendered":"<p>MITGLIEDER Wer macht mit beim Stadtkulturbeirat? LEITUNG Gabriele Prachowny Zust\u00e4ndigkeitsbereich: PR und \u00d6ffentlichkeitsarbeit Gaby \u201eWortReich\u201c, Texterin, Autorin, Life Coach\/Seelenberaterin, Netzwerkerin aus Leidenschaft&nbsp;. Zu viel kreatives Potential schlummert im Verbogenen und geht wom\u00f6glich sogar unentdeckt verloren. Welch eine Verschwendung! Kreativit\u00e4t geh\u00f6rt ins Licht, Zusammenarbeit bringt Kraft und Bewegung ins Spiel. In der Verbindung kann Gro\u00dfes entstehen. &hellip; <\/p>\n<p class=\"link-more\"><a href=\"https:\/\/www.stadtkulturbeirat-steyr.at\/?page_id=94\" class=\"more-link\">Mehr <span class=\"screen-reader-text\">\u00fcber &#8222;Mitglieder&#8220; <\/span>Lesen<\/a><\/p>\n","protected":false},"author":3,"featured_media":0,"parent":0,"menu_order":0,"comment_status":"closed","ping_status":"closed","template":"","meta":{"inspiro_hide_title":false,"footnotes":""},"class_list":["post-94","page","type-page","status-publish","hentry"],"_links":{"self":[{"href":"https:\/\/www.stadtkulturbeirat-steyr.at\/index.php?rest_route=\/wp\/v2\/pages\/94","targetHints":{"allow":["GET"]}}],"collection":[{"href":"https:\/\/www.stadtkulturbeirat-steyr.at\/index.php?rest_route=\/wp\/v2\/pages"}],"about":[{"href":"https:\/\/www.stadtkulturbeirat-steyr.at\/index.php?rest_route=\/wp\/v2\/types\/page"}],"author":[{"embeddable":true,"href":"https:\/\/www.stadtkulturbeirat-steyr.at\/index.php?rest_route=\/wp\/v2\/users\/3"}],"replies":[{"embeddable":true,"href":"https:\/\/www.stadtkulturbeirat-steyr.at\/index.php?rest_route=%2Fwp%2Fv2%2Fcomments&post=94"}],"version-history":[{"count":28,"href":"https:\/\/www.stadtkulturbeirat-steyr.at\/index.php?rest_route=\/wp\/v2\/pages\/94\/revisions"}],"predecessor-version":[{"id":639,"href":"https:\/\/www.stadtkulturbeirat-steyr.at\/index.php?rest_route=\/wp\/v2\/pages\/94\/revisions\/639"}],"wp:attachment":[{"href":"https:\/\/www.stadtkulturbeirat-steyr.at\/index.php?rest_route=%2Fwp%2Fv2%2Fmedia&parent=94"}],"curies":[{"name":"wp","href":"https:\/\/api.w.org\/{rel}","templated":true}]}}