{"id":74,"date":"2023-09-05T20:22:27","date_gmt":"2023-09-05T20:22:27","guid":{"rendered":"https:\/\/staging.stadtkulturbeirat-steyr.at\/?page_id=74"},"modified":"2025-11-14T10:08:37","modified_gmt":"2025-11-14T10:08:37","slug":"presse","status":"publish","type":"page","link":"https:\/\/www.stadtkulturbeirat-steyr.at\/?page_id=74","title":{"rendered":"PRESSE"},"content":{"rendered":"\n<h2 class=\"wp-block-heading has-text-align-center has-text-color has-large-font-size\" style=\"color:#5c8231\">PRESSE<\/h2>\n\n\n\n<div class=\"wp-block-columns is-layout-flex wp-container-core-columns-is-layout-28f84493 wp-block-columns-is-layout-flex\">\n<div class=\"wp-block-column is-layout-flow wp-block-column-is-layout-flow\" style=\"flex-basis:15%\"><\/div>\n\n\n\n<div class=\"wp-block-column is-layout-flow wp-block-column-is-layout-flow\" style=\"flex-basis:70%\">\n<figure class=\"wp-block-image size-large\"><img loading=\"lazy\" decoding=\"async\" width=\"357\" height=\"1024\" src=\"https:\/\/www.stadtkulturbeirat-steyr.at\/wp-content\/uploads\/2023\/09\/image-PRESSE-357x1024.jpg\" alt=\"\" class=\"wp-image-285\" style=\"object-fit:cover\" srcset=\"https:\/\/www.stadtkulturbeirat-steyr.at\/wp-content\/uploads\/2023\/09\/image-PRESSE-357x1024.jpg 357w, https:\/\/www.stadtkulturbeirat-steyr.at\/wp-content\/uploads\/2023\/09\/image-PRESSE.jpg 397w\" sizes=\"auto, (max-width: 357px) 100vw, 357px\" \/><figcaption class=\"wp-element-caption\">StadtKultSteyr, Ausgabe 2, Herbst 2022<\/figcaption><\/figure>\n<\/div>\n\n\n\n<div class=\"wp-block-column is-layout-flow wp-block-column-is-layout-flow\" style=\"flex-basis:15%\"><\/div>\n<\/div>\n\n\n\n<hr class=\"wp-block-separator has-text-color has-alpha-channel-opacity has-background is-style-wide\" style=\"background-color:#5c8231;color:#5c8231\"\/>\n\n\n\n<div class=\"wp-block-columns is-layout-flex wp-container-core-columns-is-layout-28f84493 wp-block-columns-is-layout-flex\">\n<div class=\"wp-block-column is-layout-flow wp-block-column-is-layout-flow\">\n<figure class=\"wp-block-image size-full\"><a href=\"https:\/\/www.nachrichten.at\/oberoesterreich\/steyr\/mike-vinyl-steht-nun-stadtkulturbeirat-vor;art68,3486674\"><img loading=\"lazy\" decoding=\"async\" width=\"519\" height=\"373\" src=\"https:\/\/www.stadtkulturbeirat-steyr.at\/wp-content\/uploads\/2023\/09\/image-1.png\" alt=\"\" class=\"wp-image-286\" style=\"object-fit:cover\" srcset=\"https:\/\/www.stadtkulturbeirat-steyr.at\/wp-content\/uploads\/2023\/09\/image-1.png 519w, https:\/\/www.stadtkulturbeirat-steyr.at\/wp-content\/uploads\/2023\/09\/image-1-300x216.png 300w\" sizes=\"auto, (max-width: 519px) 100vw, 519px\" \/><\/a><figcaption class=\"wp-element-caption\">O\u00d6 Nachrichten: Neuer Vorstand SKB Steyr &#8211; Mike Vinyl<\/figcaption><\/figure>\n<\/div>\n\n\n\n<div class=\"wp-block-column is-layout-flow wp-block-column-is-layout-flow\">\n<h3 class=\"wp-block-heading\" id=\"cc-m-header-16509956124\">PRESSEINFORMATION &#8211; STADTKULTURBEIRAT STEYR &#8211; 07.11.2021<\/h3>\n\n\n\n<p><strong>Neuer Obmann beim Stadtkulturbeirat Steyr<\/strong><\/p>\n\n\n\n<p>STEYR &#8211; Im heurigen Jahr ging nicht nur die Funktionsperiode einer Stadtregierung zu Ende, sondern auch die der Obfrau des Stadtkulturbeirat Steyr (SKB-Steyr). &#8211; Die \u00dcbergabe der Leitung des SKB-STEYR von Fr. Beate Seckauer an den neuen Obmann Hrn. Mike Gelsinger, hat bereits am 07.10.2021 im Landhotel Mader stattgefunden. (siehe Fotos )<\/p>\n<\/div>\n<\/div>\n\n\n\n<p>Hr. Mike Gelsinger absolvierte sein Studium der Kulturwissenschaften an der JKU Linz, war und ist international und national erfolgreich als Musiker t\u00e4tig, und leitet die Event- und Marketingagentur &#8222;Your Visions&#8220;.<\/p>\n\n\n\n<p>Es herrscht gro\u00dfe Zuversicht, dass die Gewichtigkeit des SKB-STEYR, aufgrund der neuen Stadtregierung aufgewertet wird. Ein hochmotiviertes Team, rund um Mike Gelsinger, freut sich auf die Zukunft, in der es wieder ein B\u00fcrgermeister-Fr\u00fchst\u00fcck, viertelj\u00e4hrlich offene Stammtische, eine Kulturplattform und so manches Neue geben wird.<\/p>\n\n\n<div class=\"n2-section-smartslider fitvidsignore  n2_clear\" data-ssid=\"6\" tabindex=\"0\" role=\"region\" aria-label=\"Slider\"><div id=\"n2-ss-6-align\" class=\"n2-ss-align\"><div class=\"n2-padding\"><div id=\"n2-ss-6\" data-creator=\"Smart Slider 3\" data-responsive=\"auto\" class=\"n2-ss-slider n2-ow n2-has-hover n2notransition  \">\n\n\n\n<div class=\"n2-ss-slider-wrapper-inside\">\n        <div class=\"n2-ss-slider-1 n2_ss__touch_element n2-ow\">\n            <div class=\"n2-ss-slider-2 n2-ow\">\n                                                <div class=\"n2-ss-slider-3 n2-ow\">\n\n                    <div class=\"n2-ss-slide-backgrounds n2-ow-all\"><div class=\"n2-ss-slide-background\" data-public-id=\"1\" data-mode=\"fill\"><div class=\"n2-ss-slide-background-image\" data-blur=\"0\" data-opacity=\"100\" data-x=\"50\" data-y=\"50\" data-alt=\"\" data-title=\"\"><picture class=\"skip-lazy\" data-skip-lazy=\"1\"><img decoding=\"async\" src=\"\/\/www.stadtkulturbeirat-steyr.at\/wp-content\/uploads\/slider\/cache\/e239dadaa24d000c8d7f3f0f7053d2ca\/16596497250.jpg\" alt=\"\" title=\"\" loading=\"lazy\" class=\"skip-lazy\" data-skip-lazy=\"1\"><\/picture><\/div><div data-color=\"RGBA(255,255,255,0)\" style=\"background-color: RGBA(255,255,255,0);\" class=\"n2-ss-slide-background-color\"><\/div><\/div><div class=\"n2-ss-slide-background\" data-public-id=\"2\" data-mode=\"fill\" aria-hidden=\"true\"><div class=\"n2-ss-slide-background-image\" data-blur=\"0\" data-opacity=\"100\" data-x=\"50\" data-y=\"50\" data-alt=\"\" data-title=\"\"><picture class=\"skip-lazy\" data-skip-lazy=\"1\"><img decoding=\"async\" src=\"\/\/www.stadtkulturbeirat-steyr.at\/wp-content\/uploads\/slider\/cache\/86d86fd4d32cd7465ecdaee7f540c89c\/image-4-1.jpg\" alt=\"\" title=\"\" loading=\"lazy\" class=\"skip-lazy\" data-skip-lazy=\"1\"><\/picture><\/div><div data-color=\"RGBA(255,255,255,0)\" style=\"background-color: RGBA(255,255,255,0);\" class=\"n2-ss-slide-background-color\"><\/div><\/div><div class=\"n2-ss-slide-background\" data-public-id=\"3\" data-mode=\"fill\" aria-hidden=\"true\"><div class=\"n2-ss-slide-background-image\" data-blur=\"0\" data-opacity=\"100\" data-x=\"50\" data-y=\"50\" data-alt=\"\" data-title=\"\"><picture class=\"skip-lazy\" data-skip-lazy=\"1\"><img decoding=\"async\" src=\"\/\/www.stadtkulturbeirat-steyr.at\/wp-content\/uploads\/slider\/cache\/3b22dc09fdc28fa9e264fb6bd4f3cf41\/1659649725.jpg\" alt=\"\" title=\"\" loading=\"lazy\" class=\"skip-lazy\" data-skip-lazy=\"1\"><\/picture><\/div><div data-color=\"RGBA(255,255,255,0)\" style=\"background-color: RGBA(255,255,255,0);\" class=\"n2-ss-slide-background-color\"><\/div><\/div><div class=\"n2-ss-slide-background\" data-public-id=\"4\" data-mode=\"fill\" aria-hidden=\"true\"><div class=\"n2-ss-slide-background-image\" data-blur=\"0\" data-opacity=\"100\" data-x=\"50\" data-y=\"50\" data-alt=\"\" data-title=\"\"><picture class=\"skip-lazy\" data-skip-lazy=\"1\"><img decoding=\"async\" src=\"\/\/www.stadtkulturbeirat-steyr.at\/wp-content\/uploads\/slider\/cache\/3e855af5fd9d70fbbd30d77fa0ec5414\/1659649725.png\" alt=\"\" title=\"\" loading=\"lazy\" class=\"skip-lazy\" data-skip-lazy=\"1\"><\/picture><\/div><div data-color=\"RGBA(255,255,255,0)\" style=\"background-color: RGBA(255,255,255,0);\" class=\"n2-ss-slide-background-color\"><\/div><\/div><div class=\"n2-ss-slide-background\" data-public-id=\"5\" data-mode=\"fill\" aria-hidden=\"true\"><div class=\"n2-ss-slide-background-image\" data-blur=\"0\" data-opacity=\"100\" data-x=\"50\" data-y=\"50\" data-alt=\"\" data-title=\"\"><picture class=\"skip-lazy\" data-skip-lazy=\"1\"><img decoding=\"async\" src=\"\/\/www.stadtkulturbeirat-steyr.at\/wp-content\/uploads\/slider\/cache\/400bf1e2491fc11e9077fa66e4b4845a\/1659649725-3.jpg\" alt=\"\" title=\"\" loading=\"lazy\" class=\"skip-lazy\" data-skip-lazy=\"1\"><\/picture><\/div><div data-color=\"RGBA(255,255,255,0)\" style=\"background-color: RGBA(255,255,255,0);\" class=\"n2-ss-slide-background-color\"><\/div><\/div><div class=\"n2-ss-slide-background\" data-public-id=\"6\" data-mode=\"fill\" aria-hidden=\"true\"><div class=\"n2-ss-slide-background-image\" data-blur=\"0\" data-opacity=\"100\" data-x=\"50\" data-y=\"50\" data-alt=\"\" data-title=\"\"><picture class=\"skip-lazy\" data-skip-lazy=\"1\"><img decoding=\"async\" src=\"\/\/www.stadtkulturbeirat-steyr.at\/wp-content\/uploads\/slider\/cache\/bc9ca6118c5ce12576d3e730ed18177b\/1659649725-4.jpg\" alt=\"\" title=\"\" loading=\"lazy\" class=\"skip-lazy\" data-skip-lazy=\"1\"><\/picture><\/div><div data-color=\"RGBA(255,255,255,0)\" style=\"background-color: RGBA(255,255,255,0);\" class=\"n2-ss-slide-background-color\"><\/div><\/div><div class=\"n2-ss-slide-background\" data-public-id=\"7\" data-mode=\"fill\" aria-hidden=\"true\"><div class=\"n2-ss-slide-background-image\" data-blur=\"0\" data-opacity=\"100\" data-x=\"50\" data-y=\"50\" data-alt=\"\" data-title=\"\"><picture class=\"skip-lazy\" data-skip-lazy=\"1\"><img decoding=\"async\" src=\"\/\/www.stadtkulturbeirat-steyr.at\/wp-content\/uploads\/slider\/cache\/d75bcf058a2a436e38f0b5c1d32903c3\/1659649725-1.jpg\" alt=\"\" title=\"\" loading=\"lazy\" class=\"skip-lazy\" data-skip-lazy=\"1\"><\/picture><\/div><div data-color=\"RGBA(255,255,255,0)\" style=\"background-color: RGBA(255,255,255,0);\" class=\"n2-ss-slide-background-color\"><\/div><\/div><div class=\"n2-ss-slide-background\" data-public-id=\"8\" data-mode=\"fill\" aria-hidden=\"true\"><div class=\"n2-ss-slide-background-image\" data-blur=\"0\" data-opacity=\"100\" data-x=\"50\" data-y=\"50\" data-alt=\"\" data-title=\"\"><picture class=\"skip-lazy\" data-skip-lazy=\"1\"><img decoding=\"async\" src=\"\/\/www.stadtkulturbeirat-steyr.at\/wp-content\/uploads\/slider\/cache\/d8885969fb718ee33d13a4ce0acd1ac5\/1659649725-2.jpg\" alt=\"\" title=\"\" loading=\"lazy\" class=\"skip-lazy\" data-skip-lazy=\"1\"><\/picture><\/div><div data-color=\"RGBA(255,255,255,0)\" style=\"background-color: RGBA(255,255,255,0);\" class=\"n2-ss-slide-background-color\"><\/div><\/div><\/div>                    <div class=\"n2-ss-slider-4 n2-ow\">\n                        <svg xmlns=\"http:\/\/www.w3.org\/2000\/svg\" viewBox=\"0 0 1200 600\" data-related-device=\"desktopPortrait\" class=\"n2-ow n2-ss-preserve-size n2-ss-preserve-size--slider n2-ss-slide-limiter\"><\/svg><div data-first=\"1\" data-slide-duration=\"0\" data-id=\"53\" data-slide-public-id=\"1\" data-title=\"Slide 1\" class=\"n2-ss-slide n2-ow  n2-ss-slide-53\"><div role=\"note\" class=\"n2-ss-slide--focus\" tabindex=\"-1\">Slide 1<\/div><div class=\"n2-ss-layers-container n2-ss-slide-limiter n2-ow\"><div class=\"n2-ss-layer n2-ow n-uc-xKoImsKwWl5P\" data-sstype=\"slide\" data-pm=\"default\"><\/div><\/div><\/div><div data-slide-duration=\"0\" data-id=\"54\" data-slide-public-id=\"2\" aria-hidden=\"true\" data-title=\"Slide 2\" class=\"n2-ss-slide n2-ow  n2-ss-slide-54\"><div role=\"note\" class=\"n2-ss-slide--focus\" tabindex=\"-1\">Slide 2<\/div><div class=\"n2-ss-layers-container n2-ss-slide-limiter n2-ow\"><div class=\"n2-ss-layer n2-ow n-uc-jmWFFGBp0N3Y\" data-sstype=\"slide\" data-pm=\"default\"><\/div><\/div><\/div><div data-slide-duration=\"0\" data-id=\"55\" data-slide-public-id=\"3\" aria-hidden=\"true\" data-title=\"Slide 3\" class=\"n2-ss-slide n2-ow  n2-ss-slide-55\"><div role=\"note\" class=\"n2-ss-slide--focus\" tabindex=\"-1\">Slide 3<\/div><div class=\"n2-ss-layers-container n2-ss-slide-limiter n2-ow\"><div class=\"n2-ss-layer n2-ow n-uc-jXha8nLJoeyK\" data-sstype=\"slide\" data-pm=\"default\"><\/div><\/div><\/div><div data-slide-duration=\"0\" data-id=\"56\" data-slide-public-id=\"4\" aria-hidden=\"true\" data-title=\"Slide 4\" class=\"n2-ss-slide n2-ow  n2-ss-slide-56\"><div role=\"note\" class=\"n2-ss-slide--focus\" tabindex=\"-1\">Slide 4<\/div><div class=\"n2-ss-layers-container n2-ss-slide-limiter n2-ow\"><div class=\"n2-ss-layer n2-ow n-uc-L7Fw5sGpSyHY\" data-sstype=\"slide\" data-pm=\"default\"><\/div><\/div><\/div><div data-slide-duration=\"0\" data-id=\"57\" data-slide-public-id=\"5\" aria-hidden=\"true\" data-title=\"Slide 5\" class=\"n2-ss-slide n2-ow  n2-ss-slide-57\"><div role=\"note\" class=\"n2-ss-slide--focus\" tabindex=\"-1\">Slide 5<\/div><div class=\"n2-ss-layers-container n2-ss-slide-limiter n2-ow\"><div class=\"n2-ss-layer n2-ow n-uc-FIgW00U6DZ0u\" data-sstype=\"slide\" data-pm=\"default\"><\/div><\/div><\/div><div data-slide-duration=\"0\" data-id=\"58\" data-slide-public-id=\"6\" aria-hidden=\"true\" data-title=\"Slide 6\" class=\"n2-ss-slide n2-ow  n2-ss-slide-58\"><div role=\"note\" class=\"n2-ss-slide--focus\" tabindex=\"-1\">Slide 6<\/div><div class=\"n2-ss-layers-container n2-ss-slide-limiter n2-ow\"><div class=\"n2-ss-layer n2-ow n-uc-45t9kzWzXFvJ\" data-sstype=\"slide\" data-pm=\"default\"><\/div><\/div><\/div><div data-slide-duration=\"0\" data-id=\"59\" data-slide-public-id=\"7\" aria-hidden=\"true\" data-title=\"Slide 6\" class=\"n2-ss-slide n2-ow  n2-ss-slide-59\"><div role=\"note\" class=\"n2-ss-slide--focus\" tabindex=\"-1\">Slide 6<\/div><div class=\"n2-ss-layers-container n2-ss-slide-limiter n2-ow\"><div class=\"n2-ss-layer n2-ow n-uc-y0IUWJYsBxDn\" data-sstype=\"slide\" data-pm=\"default\"><\/div><\/div><\/div><div data-slide-duration=\"0\" data-id=\"60\" data-slide-public-id=\"8\" aria-hidden=\"true\" data-title=\"Slide 6\" class=\"n2-ss-slide n2-ow  n2-ss-slide-60\"><div role=\"note\" class=\"n2-ss-slide--focus\" tabindex=\"-1\">Slide 6<\/div><div class=\"n2-ss-layers-container n2-ss-slide-limiter n2-ow\"><div class=\"n2-ss-layer n2-ow n-uc-2Dcah0ILZoVz\" data-sstype=\"slide\" data-pm=\"default\"><\/div><\/div><\/div>                    <\/div>\n\n                                    <\/div>\n            <\/div>\n        <\/div>\n        <div class=\"n2-ss-slider-controls n2-ss-slider-controls-absolute-right-bottom\"><div class=\"n2-ss-widget n2-style-52a27b9422f615fb2c24656151df03c2-heading nextend-arrow n2-ow-all nextend-arrow-next  nextend-arrow-animated-fade\" id=\"n2-ss-6-arrow-next\" role=\"button\" aria-label=\"next arrow\" tabindex=\"0\"><img loading=\"lazy\" decoding=\"async\" width=\"32\" height=\"32\" class=\"skip-lazy\" data-skip-lazy=\"1\" src=\"data:image\/svg+xml;base64,PHN2ZyB3aWR0aD0iMzIiIGhlaWdodD0iMzIiIHZpZXdCb3g9IjAgMCAzMiAzMiIgeG1sbnM9Imh0dHA6Ly93d3cudzMub3JnLzIwMDAvc3ZnIj4KICAgIDxwYXRoIGQ9Ik0yMiAxNS45OTd2LS4wMDNjMC0uNDA0LS4xNzYtLjc2OC0uNDYtMS4wMjhoLjAwMmwtOS04LjU3Mi0uMDA0LjAwNEMxMi4yNjggNi4xNSAxMS45MDIgNiAxMS41IDZjLS44MyAwLTEuNS42NC0xLjUgMS40MyAwIC40MzIuMjAzLjgyLjUyMyAxLjA4Mmw3Ljg2IDcuNDg1LTcuOTYzIDcuNTgzYy0uMjYuMjU3LS40Mi42MDYtLjQyLjk5IDAgLjc5LjY3IDEuNDMgMS41IDEuNDMuNDA0IDAgLjc3LS4xNTMgMS4wNC0uNGw5LjAwMi04LjU3di0uMDAyYy4yODItLjI2LjQ1OC0uNjI0LjQ1OC0xLjAyOHYtLjAwM3oiCiAgICAgICAgICBmaWxsPSIjZmZmZmZmIiBvcGFjaXR5PSIxIiBmaWxsLXJ1bGU9ImV2ZW5vZGQiLz4KPC9zdmc+\" alt=\"next arrow\"><\/div><div class=\"n2-ss-widget n2-style-52a27b9422f615fb2c24656151df03c2-heading nextend-arrow n2-ow-all nextend-arrow-previous  nextend-arrow-animated-fade\" id=\"n2-ss-6-arrow-previous\" role=\"button\" aria-label=\"previous arrow\" tabindex=\"0\"><img loading=\"lazy\" decoding=\"async\" width=\"32\" height=\"32\" class=\"skip-lazy\" data-skip-lazy=\"1\" src=\"data:image\/svg+xml;base64,PHN2ZyB3aWR0aD0iMzIiIGhlaWdodD0iMzIiIHZpZXdCb3g9IjAgMCAzMiAzMiIgeG1sbnM9Imh0dHA6Ly93d3cudzMub3JnLzIwMDAvc3ZnIj4KICAgIDxwYXRoIGQ9Ik0yMS41OCAyMy41OGwtNy45NjItNy41ODMgNy44Ni03LjQ4NWMuMzItLjI2Mi41MjItLjY1LjUyMi0xLjA4M0MyMiA2LjY0IDIxLjMyOCA2IDIwLjUgNmMtLjQwMyAwLS43NjguMTUtMS4wMzguMzk4bC0uMDA0LS4wMDQtOSA4LjU3di4wMDJjLS4yODIuMjYtLjQ1OC42MjQtLjQ1OCAxLjAyOFYxNmMwIC40MDQuMTc2Ljc3LjQ2IDEuMDNoLS4wMDJsOSA4LjU3Yy4yNy4yNDcuNjM4LjQgMS4wNDIuNC44MyAwIDEuNS0uNjQgMS41LTEuNDMgMC0uMzg0LS4xNi0uNzMzLS40Mi0uOTl6IgogICAgICAgICAgZmlsbD0iI2ZmZmZmZiIgb3BhY2l0eT0iMSIgZmlsbC1ydWxlPSJldmVub2RkIi8+Cjwvc3ZnPg==\" alt=\"previous arrow\"><\/div><\/div><\/div><\/div><ss3-loader><\/ss3-loader><\/div><\/div><div class=\"n2_clear\"><\/div><\/div>\n\n\n<hr class=\"wp-block-separator has-text-color has-alpha-channel-opacity has-background is-style-wide\" style=\"background-color:#5c8231;color:#5c8231\"\/>\n\n\n\n<h2 class=\"wp-block-heading has-text-align-center has-text-color has-large-font-size\" style=\"color:#5c8231\">Pressearchiv<\/h2>\n\n\n\n<div class=\"wp-block-columns is-layout-flex wp-container-core-columns-is-layout-28f84493 wp-block-columns-is-layout-flex\">\n<div class=\"wp-block-column is-layout-flow wp-block-column-is-layout-flow\">\n<figure class=\"wp-block-image size-full\"><a href=\"https:\/\/www.nachrichten.at\/oberoesterreich\/steyr\/drei-goldfiguren-bringen-pohlhammer-in-rage;art68,3276115\"><img loading=\"lazy\" decoding=\"async\" width=\"519\" height=\"385\" src=\"https:\/\/www.stadtkulturbeirat-steyr.at\/wp-content\/uploads\/2023\/09\/image-1-1.png\" alt=\"\" class=\"wp-image-296\" srcset=\"https:\/\/www.stadtkulturbeirat-steyr.at\/wp-content\/uploads\/2023\/09\/image-1-1.png 519w, https:\/\/www.stadtkulturbeirat-steyr.at\/wp-content\/uploads\/2023\/09\/image-1-1-300x223.png 300w\" sizes=\"auto, (max-width: 519px) 100vw, 519px\" \/><\/a><figcaption class=\"wp-element-caption\">O\u00d6 Nachrichten: R\u00fccktritt Pohlhammer von Kulturbeirat<\/figcaption><\/figure>\n<\/div>\n\n\n\n<div class=\"wp-block-column is-layout-flow wp-block-column-is-layout-flow\">\n<figure class=\"wp-block-image size-full\"><img loading=\"lazy\" decoding=\"async\" width=\"519\" height=\"768\" src=\"https:\/\/www.stadtkulturbeirat-steyr.at\/wp-content\/uploads\/2023\/09\/image-9.jpg\" alt=\"\" class=\"wp-image-297\" srcset=\"https:\/\/www.stadtkulturbeirat-steyr.at\/wp-content\/uploads\/2023\/09\/image-9.jpg 519w, https:\/\/www.stadtkulturbeirat-steyr.at\/wp-content\/uploads\/2023\/09\/image-9-203x300.jpg 203w\" sizes=\"auto, (max-width: 519px) 100vw, 519px\" \/><figcaption class=\"wp-element-caption\">O\u00d6 Nachrichten: Steyrs Kulturszene wartet geduldig nicht nur Mayrhofers Pensionierung ab.<\/figcaption><\/figure>\n<\/div>\n<\/div>\n\n\n\n<div class=\"wp-block-columns is-layout-flex wp-container-core-columns-is-layout-28f84493 wp-block-columns-is-layout-flex\">\n<div class=\"wp-block-column is-layout-flow wp-block-column-is-layout-flow\">\n<figure class=\"wp-block-image size-full\"><a href=\"https:\/\/www.meinbezirk.at\/steyr-steyr-land\/c-lokales\/der-skb-steyr-lud-bgm-gerald-hackl-zum-fruehstueck_a2173501\"><img loading=\"lazy\" decoding=\"async\" width=\"519\" height=\"328\" src=\"https:\/\/www.stadtkulturbeirat-steyr.at\/wp-content\/uploads\/2023\/09\/image-2.png\" alt=\"\" class=\"wp-image-298\" srcset=\"https:\/\/www.stadtkulturbeirat-steyr.at\/wp-content\/uploads\/2023\/09\/image-2.png 519w, https:\/\/www.stadtkulturbeirat-steyr.at\/wp-content\/uploads\/2023\/09\/image-2-300x190.png 300w\" sizes=\"auto, (max-width: 519px) 100vw, 519px\" \/><\/a><figcaption class=\"wp-element-caption\">B\u00fcrgermeisterfr\u00fchst\u00fcck &#8211; 29062017 &#8211; Artikel Steyrer Rundschau<br><\/figcaption><\/figure>\n<\/div>\n\n\n\n<div class=\"wp-block-column is-layout-flow wp-block-column-is-layout-flow\">\n<figure class=\"wp-block-image size-full\"><a href=\"https:\/\/www.meinbezirk.at\/steyr-steyr-land\/c-lokales\/kulturstammtisch-steyr-platzte-aus-allen-naehten_a2184326\"><img loading=\"lazy\" decoding=\"async\" width=\"519\" height=\"338\" src=\"https:\/\/www.stadtkulturbeirat-steyr.at\/wp-content\/uploads\/2023\/09\/image-3.png\" alt=\"\" class=\"wp-image-299\" srcset=\"https:\/\/www.stadtkulturbeirat-steyr.at\/wp-content\/uploads\/2023\/09\/image-3.png 519w, https:\/\/www.stadtkulturbeirat-steyr.at\/wp-content\/uploads\/2023\/09\/image-3-300x195.png 300w\" sizes=\"auto, (max-width: 519px) 100vw, 519px\" \/><\/a><figcaption class=\"wp-element-caption\">Kulturstammtisch &#8211; 03072017 &#8211; Artikel Steyrer Rundschau<br><\/figcaption><\/figure>\n<\/div>\n<\/div>\n\n\n\n<div class=\"wp-block-columns is-layout-flex wp-container-core-columns-is-layout-28f84493 wp-block-columns-is-layout-flex\">\n<div class=\"wp-block-column is-layout-flow wp-block-column-is-layout-flow\">\n<figure class=\"wp-block-image size-full is-resized\"><a href=\"https:\/\/www.nachrichten.at\/oberoesterreich\/steyr\/Landesausstellung-Steyrs-Termin-im-Jahr-2021-bleibt;art68,2719904\"><img loading=\"lazy\" decoding=\"async\" width=\"519\" height=\"389\" src=\"https:\/\/www.stadtkulturbeirat-steyr.at\/wp-content\/uploads\/2023\/09\/image-4.png\" alt=\"\" class=\"wp-image-300\" style=\"width:404px;height:303px\" srcset=\"https:\/\/www.stadtkulturbeirat-steyr.at\/wp-content\/uploads\/2023\/09\/image-4.png 519w, https:\/\/www.stadtkulturbeirat-steyr.at\/wp-content\/uploads\/2023\/09\/image-4-300x225.png 300w\" sizes=\"auto, (max-width: 519px) 100vw, 519px\" \/><\/a><figcaption class=\"wp-element-caption\">Landesausstellung: Steyrs Termin im Jahr 2021 bleibt &#8211; O\u00d6 Nachrichten 30102017<br><br><br><\/figcaption><\/figure>\n<\/div>\n\n\n\n<div class=\"wp-block-column is-layout-flow wp-block-column-is-layout-flow\">\n<div style=\"height:0px\" aria-hidden=\"true\" class=\"wp-block-spacer\"><\/div>\n\n\n\n<figure class=\"wp-block-image size-full is-resized\"><a href=\"https:\/\/www.meinbezirk.at\/steyr-steyr-land\/c-lokales\/steyrer-kulturplattform-2017_a2279907\"><img loading=\"lazy\" decoding=\"async\" width=\"519\" height=\"333\" src=\"https:\/\/www.stadtkulturbeirat-steyr.at\/wp-content\/uploads\/2023\/09\/image-5.png\" alt=\"\" class=\"wp-image-301\" style=\"width:404px;height:259px\" srcset=\"https:\/\/www.stadtkulturbeirat-steyr.at\/wp-content\/uploads\/2023\/09\/image-5.png 519w, https:\/\/www.stadtkulturbeirat-steyr.at\/wp-content\/uploads\/2023\/09\/image-5-300x192.png 300w\" sizes=\"auto, (max-width: 519px) 100vw, 519px\" \/><\/a><figcaption class=\"wp-element-caption\">KUPF 2017 &#8211; Artikel Steyrer Rundschau<\/figcaption><\/figure>\n<\/div>\n<\/div>\n","protected":false},"excerpt":{"rendered":"<p>PRESSE PRESSEINFORMATION &#8211; STADTKULTURBEIRAT STEYR &#8211; 07.11.2021 Neuer Obmann beim Stadtkulturbeirat Steyr STEYR &#8211; Im heurigen Jahr ging nicht nur die Funktionsperiode einer Stadtregierung zu Ende, sondern auch die der Obfrau des Stadtkulturbeirat Steyr (SKB-Steyr). &#8211; Die \u00dcbergabe der Leitung des SKB-STEYR von Fr. Beate Seckauer an den neuen Obmann Hrn. Mike Gelsinger, hat bereits &hellip; <\/p>\n<p class=\"link-more\"><a href=\"https:\/\/www.stadtkulturbeirat-steyr.at\/?page_id=74\" class=\"more-link\">Mehr <span class=\"screen-reader-text\">\u00fcber &#8222;PRESSE&#8220; <\/span>Lesen<\/a><\/p>\n","protected":false},"author":3,"featured_media":0,"parent":0,"menu_order":0,"comment_status":"closed","ping_status":"closed","template":"","meta":{"inspiro_hide_title":false,"footnotes":""},"class_list":["post-74","page","type-page","status-publish","hentry"],"_links":{"self":[{"href":"https:\/\/www.stadtkulturbeirat-steyr.at\/index.php?rest_route=\/wp\/v2\/pages\/74","targetHints":{"allow":["GET"]}}],"collection":[{"href":"https:\/\/www.stadtkulturbeirat-steyr.at\/index.php?rest_route=\/wp\/v2\/pages"}],"about":[{"href":"https:\/\/www.stadtkulturbeirat-steyr.at\/index.php?rest_route=\/wp\/v2\/types\/page"}],"author":[{"embeddable":true,"href":"https:\/\/www.stadtkulturbeirat-steyr.at\/index.php?rest_route=\/wp\/v2\/users\/3"}],"replies":[{"embeddable":true,"href":"https:\/\/www.stadtkulturbeirat-steyr.at\/index.php?rest_route=%2Fwp%2Fv2%2Fcomments&post=74"}],"version-history":[{"count":5,"href":"https:\/\/www.stadtkulturbeirat-steyr.at\/index.php?rest_route=\/wp\/v2\/pages\/74\/revisions"}],"predecessor-version":[{"id":637,"href":"https:\/\/www.stadtkulturbeirat-steyr.at\/index.php?rest_route=\/wp\/v2\/pages\/74\/revisions\/637"}],"wp:attachment":[{"href":"https:\/\/www.stadtkulturbeirat-steyr.at\/index.php?rest_route=%2Fwp%2Fv2%2Fmedia&parent=74"}],"curies":[{"name":"wp","href":"https:\/\/api.w.org\/{rel}","templated":true}]}}