{"id":72,"date":"2023-09-05T20:22:09","date_gmt":"2023-09-05T20:22:09","guid":{"rendered":"https:\/\/staging.stadtkulturbeirat-steyr.at\/?page_id=72"},"modified":"2025-11-14T10:05:11","modified_gmt":"2025-11-14T10:05:11","slug":"kulturplattform","status":"publish","type":"page","link":"https:\/\/www.stadtkulturbeirat-steyr.at\/?page_id=72","title":{"rendered":"KULTURPLATTFORM"},"content":{"rendered":"\n<h2 class=\"wp-block-heading has-text-align-center has-text-color has-large-font-size\" style=\"color:#5c8231\">KULTURPLATTFORM<\/h2>\n\n\n\n<h2 class=\"wp-block-heading has-text-align-center has-text-color\" style=\"color:#5c8231\">7. Steyrer&nbsp;Kulturplattform 2022<\/h2>\n\n\n\n<div style=\"height:50px\" aria-hidden=\"true\" class=\"wp-block-spacer\"><\/div>\n\n\n\n<p>KUPF 2022 &#8211; Quo Vadis Steyr?<\/p>\n\n\n\n<div class=\"wp-block-columns is-layout-flex wp-container-core-columns-is-layout-28f84493 wp-block-columns-is-layout-flex\">\n<div class=\"wp-block-column is-layout-flow wp-block-column-is-layout-flow\" style=\"flex-basis:15%\"><\/div>\n\n\n\n<div class=\"wp-block-column is-layout-flow wp-block-column-is-layout-flow\" style=\"flex-basis:70%\">\n<figure class=\"wp-block-embed is-type-video is-provider-youtube wp-block-embed-youtube wp-embed-aspect-16-9 wp-has-aspect-ratio\"><div class=\"wp-block-embed__wrapper\">\n<iframe loading=\"lazy\" title=\"Quo Vadis Steyr? Die kulturelle Zukunft der Stadt\" width=\"950\" height=\"534\" src=\"https:\/\/www.youtube.com\/embed\/NzqLc_MEl7Q?feature=oembed\" frameborder=\"0\" allow=\"accelerometer; autoplay; clipboard-write; encrypted-media; gyroscope; picture-in-picture; web-share\" referrerpolicy=\"strict-origin-when-cross-origin\" allowfullscreen><\/iframe>\n<\/div><\/figure>\n<\/div>\n\n\n\n<div class=\"wp-block-column is-layout-flow wp-block-column-is-layout-flow\" style=\"flex-basis:15%\"><\/div>\n<\/div>\n\n\n\n<p><strong>Wir freuen uns,&nbsp;dass wir am&nbsp;Donnerstag, 13. Oktober 2022 um 19 Uhr endlich wieder zur Steyrer Kulturplattform einladen durften!<\/strong><\/p>\n\n\n\n<p><br>Wir bedanken uns herzlich f\u00fcr das&nbsp;<strong>Impulsreferat<\/strong>&nbsp;von Herrn&nbsp;<strong>Mag. Dr. Peter ASSMANN<\/strong>!<br>Er ist Bildender K\u00fcnstler, Kunsthistoriker, Schriftsteller, ehemaliger Direktor der O\u00d6 Landesmuseen und seit November 2019 Gesch\u00e4ftsf\u00fchrer der Tiroler Landesmuseen.<\/p>\n\n\n\n<p><br>Wir bedanken uns ebenfalls bei allen&nbsp;Mitwirkenden und bei den zahlreichen Besucherinnen &amp; Besuchern der KUPF 2022!<br><br><strong>Unser Dank gilt besonders auch Hr.&nbsp;Mag. Ewald Staltner, MAS MSc und den Sch\u00fcler\/innen der HLW Steyr f\u00fcr die Mithilfe!&nbsp;<\/strong><\/p>\n\n\n\n<div style=\"height:50px\" aria-hidden=\"true\" class=\"wp-block-spacer\"><\/div>\n\n\n\n<div class=\"wp-block-columns is-layout-flex wp-container-core-columns-is-layout-28f84493 wp-block-columns-is-layout-flex\">\n<div class=\"wp-block-column is-layout-flow wp-block-column-is-layout-flow\">\n<div class=\"wp-block-media-text is-stacked-on-mobile\"><figure class=\"wp-block-media-text__media\"><img loading=\"lazy\" decoding=\"async\" width=\"486\" height=\"671\" src=\"https:\/\/www.stadtkulturbeirat-steyr.at\/wp-content\/uploads\/2023\/09\/steyrer-kulturplattform-2022.jpg\" alt=\"\" class=\"wp-image-191 size-full\" srcset=\"https:\/\/www.stadtkulturbeirat-steyr.at\/wp-content\/uploads\/2023\/09\/steyrer-kulturplattform-2022.jpg 486w, https:\/\/www.stadtkulturbeirat-steyr.at\/wp-content\/uploads\/2023\/09\/steyrer-kulturplattform-2022-217x300.jpg 217w\" sizes=\"auto, (max-width: 486px) 100vw, 486px\" \/><\/figure><div class=\"wp-block-media-text__content\">\n<p><\/p>\n\n\n\n<figure class=\"wp-block-image size-full is-resized\"><img loading=\"lazy\" decoding=\"async\" width=\"519\" height=\"659\" src=\"https:\/\/www.stadtkulturbeirat-steyr.at\/wp-content\/uploads\/2023\/09\/image-3-2.jpg\" alt=\"\" class=\"wp-image-192\" style=\"width:407px;height:517px\" srcset=\"https:\/\/www.stadtkulturbeirat-steyr.at\/wp-content\/uploads\/2023\/09\/image-3-2.jpg 519w, https:\/\/www.stadtkulturbeirat-steyr.at\/wp-content\/uploads\/2023\/09\/image-3-2-236x300.jpg 236w\" sizes=\"auto, (max-width: 519px) 100vw, 519px\" \/><\/figure>\n<\/div><\/div>\n\n\n\n<p><\/p>\n<\/div>\n<\/div>\n\n\n\n<hr class=\"wp-block-separator has-text-color has-alpha-channel-opacity has-background is-style-wide\" style=\"background-color:#5c8231;color:#5c8231\"\/>\n\n\n\n<h2 class=\"wp-block-heading has-text-align-center has-text-color has-large-font-size\" style=\"color:#5c8231\">KUPF &#8211; R\u00fcckblick<\/h2>\n\n\n\n<p class=\"has-text-align-center\">Hier erhalten Sie einen kleinen \u00dcberblick \u00fcber die Steyrer Kulturplattformen der vergangenen Jahre.<br>Klicken Sie auf den Button f\u00fcr den jeweiligen&nbsp;gew\u00fcnschten Jahres\u00fcberblick.<\/p>\n\n\n\n<div class=\"wp-block-columns is-layout-flex wp-container-core-columns-is-layout-28f84493 wp-block-columns-is-layout-flex\">\n<div class=\"wp-block-column is-layout-flow wp-block-column-is-layout-flow\" style=\"flex-basis:25%\">\n<h2 class=\"wp-block-heading has-text-align-center has-text-color has-x-large-font-size\" style=\"color:#5c8231\">2019<\/h2>\n\n\n\n<div class=\"wp-block-buttons has-custom-font-size has-small-font-size is-content-justification-center is-layout-flex wp-container-core-buttons-is-layout-a89b3969 wp-block-buttons-is-layout-flex\">\n<div class=\"wp-block-button\"><a class=\"wp-block-button__link has-background wp-element-button\" href=\"https:\/\/www.stadtkulturbeirat-steyr.at\/?page_id=193\" style=\"border-radius:13px;background-color:#5c8231\">R\u00fcckblick 2019<\/a><\/div>\n<\/div>\n<\/div>\n\n\n\n<div class=\"wp-block-column is-layout-flow wp-block-column-is-layout-flow\" style=\"flex-basis:25%\">\n<h2 class=\"wp-block-heading has-text-align-center has-text-color has-x-large-font-size\" style=\"color:#5c8231\">2018<\/h2>\n\n\n\n<div class=\"wp-block-buttons has-custom-font-size has-small-font-size is-content-justification-center is-layout-flex wp-container-core-buttons-is-layout-a89b3969 wp-block-buttons-is-layout-flex\">\n<div class=\"wp-block-button\"><a class=\"wp-block-button__link has-background wp-element-button\" href=\"https:\/\/www.stadtkulturbeirat-steyr.at\/?page_id=195\" style=\"border-radius:13px;background-color:#5c8231\">R\u00fcckblick 2018<\/a><\/div>\n<\/div>\n<\/div>\n\n\n\n<div class=\"wp-block-column is-layout-flow wp-block-column-is-layout-flow\" style=\"flex-basis:25%\">\n<h2 class=\"wp-block-heading has-text-align-center has-text-color has-x-large-font-size\" style=\"color:#5c8231\">2017<\/h2>\n\n\n\n<div class=\"wp-block-buttons has-custom-font-size has-small-font-size is-content-justification-center is-layout-flex wp-container-core-buttons-is-layout-a89b3969 wp-block-buttons-is-layout-flex\">\n<div class=\"wp-block-button\"><a class=\"wp-block-button__link has-background wp-element-button\" href=\"https:\/\/www.stadtkulturbeirat-steyr.at\/?page_id=197\" style=\"border-radius:13px;background-color:#5c8231\">R\u00fcckblick 2017<\/a><\/div>\n<\/div>\n<\/div>\n\n\n\n<div class=\"wp-block-column is-layout-flow wp-block-column-is-layout-flow\" style=\"flex-basis:25%\">\n<h2 class=\"wp-block-heading has-text-align-center has-text-color has-x-large-font-size\" style=\"color:#5c8231\">2016<\/h2>\n\n\n\n<div class=\"wp-block-buttons has-custom-font-size has-small-font-size is-content-justification-center is-layout-flex wp-container-core-buttons-is-layout-a89b3969 wp-block-buttons-is-layout-flex\">\n<div class=\"wp-block-button\"><a class=\"wp-block-button__link has-background wp-element-button\" href=\"https:\/\/www.stadtkulturbeirat-steyr.at\/?page_id=199\" style=\"border-radius:13px;background-color:#5c8231\">R\u00fcckblick 2016<\/a><\/div>\n<\/div>\n<\/div>\n<\/div>\n\n\n\n<div style=\"height:50px\" aria-hidden=\"true\" class=\"wp-block-spacer\"><\/div>\n","protected":false},"excerpt":{"rendered":"<p>KULTURPLATTFORM 7. Steyrer&nbsp;Kulturplattform 2022 KUPF 2022 &#8211; Quo Vadis Steyr? Wir freuen uns,&nbsp;dass wir am&nbsp;Donnerstag, 13. Oktober 2022 um 19 Uhr endlich wieder zur Steyrer Kulturplattform einladen durften! Wir bedanken uns herzlich f\u00fcr das&nbsp;Impulsreferat&nbsp;von Herrn&nbsp;Mag. Dr. Peter ASSMANN!Er ist Bildender K\u00fcnstler, Kunsthistoriker, Schriftsteller, ehemaliger Direktor der O\u00d6 Landesmuseen und seit November 2019 Gesch\u00e4ftsf\u00fchrer der Tiroler &hellip; <\/p>\n<p class=\"link-more\"><a href=\"https:\/\/www.stadtkulturbeirat-steyr.at\/?page_id=72\" class=\"more-link\">Mehr <span class=\"screen-reader-text\">\u00fcber &#8222;KULTURPLATTFORM&#8220; <\/span>Lesen<\/a><\/p>\n","protected":false},"author":3,"featured_media":0,"parent":0,"menu_order":0,"comment_status":"closed","ping_status":"closed","template":"","meta":{"inspiro_hide_title":false,"footnotes":""},"class_list":["post-72","page","type-page","status-publish","hentry"],"_links":{"self":[{"href":"https:\/\/www.stadtkulturbeirat-steyr.at\/index.php?rest_route=\/wp\/v2\/pages\/72","targetHints":{"allow":["GET"]}}],"collection":[{"href":"https:\/\/www.stadtkulturbeirat-steyr.at\/index.php?rest_route=\/wp\/v2\/pages"}],"about":[{"href":"https:\/\/www.stadtkulturbeirat-steyr.at\/index.php?rest_route=\/wp\/v2\/types\/page"}],"author":[{"embeddable":true,"href":"https:\/\/www.stadtkulturbeirat-steyr.at\/index.php?rest_route=\/wp\/v2\/users\/3"}],"replies":[{"embeddable":true,"href":"https:\/\/www.stadtkulturbeirat-steyr.at\/index.php?rest_route=%2Fwp%2Fv2%2Fcomments&post=72"}],"version-history":[{"count":8,"href":"https:\/\/www.stadtkulturbeirat-steyr.at\/index.php?rest_route=\/wp\/v2\/pages\/72\/revisions"}],"predecessor-version":[{"id":635,"href":"https:\/\/www.stadtkulturbeirat-steyr.at\/index.php?rest_route=\/wp\/v2\/pages\/72\/revisions\/635"}],"wp:attachment":[{"href":"https:\/\/www.stadtkulturbeirat-steyr.at\/index.php?rest_route=%2Fwp%2Fv2%2Fmedia&parent=72"}],"curies":[{"name":"wp","href":"https:\/\/api.w.org\/{rel}","templated":true}]}}