{"id":195,"date":"2023-09-06T18:27:10","date_gmt":"2023-09-06T18:27:10","guid":{"rendered":"https:\/\/staging.stadtkulturbeirat-steyr.at\/?page_id=195"},"modified":"2023-09-06T19:34:08","modified_gmt":"2023-09-06T19:34:08","slug":"ruckblick-2018","status":"publish","type":"page","link":"https:\/\/www.stadtkulturbeirat-steyr.at\/?page_id=195","title":{"rendered":"R\u00fcckblick 2018"},"content":{"rendered":"\n<h2 class=\"wp-block-heading has-text-align-center has-text-color has-large-font-size\" style=\"color:#5c8231\">KUPF 2018<\/h2>\n\n\n\n<h2 class=\"wp-block-heading has-text-align-center has-text-color\" style=\"color:#5c8231\">5. Steyrer&nbsp;Kulturplattform<\/h2>\n\n\n\n<p class=\"has-text-align-center\">Die Kulturplattform Steyr stand 2018 ganz im Zeichen der nahenden Ober\u00f6sterreichischen Landesausstellung, die 2021 in Steyr stattfinden soll. Es wurden unz\u00e4hlige Projektideen engagierter B\u00fcrger*innen eingereicht und schlie\u00dflich&nbsp; in die Planung mit einbezogen.<\/p>\n\n\n\n<div class=\"wp-block-columns is-layout-flex wp-container-core-columns-is-layout-28f84493 wp-block-columns-is-layout-flex\">\n<div class=\"wp-block-column is-layout-flow wp-block-column-is-layout-flow\">\n<p><br><a href=\"https:\/\/landesausstellung.at\/ausstellung\/?fbclid=IwAR3z6v8LPVzwAqutR_0lq8gm5bNZ_Ar3pHUdJI2EyaezV2Xp-5Xq4kpyeP8\">Einladung zur Einreichung von Projekten f\u00fcr das Rahmenprogramm f\u00fcr die O\u00d6. Landesausstellung 2021 in Steyr<\/a><\/p>\n\n\n\n<figure class=\"wp-block-image size-full\"><img loading=\"lazy\" decoding=\"async\" width=\"393\" height=\"559\" src=\"https:\/\/www.stadtkulturbeirat-steyr.at\/wp-content\/uploads\/2023\/09\/1662370957.png\" alt=\"\" class=\"wp-image-223\" srcset=\"https:\/\/www.stadtkulturbeirat-steyr.at\/wp-content\/uploads\/2023\/09\/1662370957.png 393w, https:\/\/www.stadtkulturbeirat-steyr.at\/wp-content\/uploads\/2023\/09\/1662370957-211x300.png 211w\" sizes=\"auto, (max-width: 393px) 100vw, 393px\" \/><\/figure>\n<\/div>\n\n\n\n<div class=\"wp-block-column is-layout-flow wp-block-column-is-layout-flow\">\n<p><br>WAS MACHT STEYR BESONDERS? &#8211; Ideen &amp; Anregungen&nbsp;waren erw\u00fcnscht:&nbsp;<br><\/p>\n\n\n\n<p>Projekt 1: Mehr als ein Weg<\/p>\n\n\n\n<p>Projekt 2: Erz\u00e4hl mir dein Steyr<\/p>\n\n\n\n<p>Projekt 3: Zeig mir dein Steyr<\/p>\n\n\n\n<figure class=\"wp-block-image size-full is-resized\"><img loading=\"lazy\" decoding=\"async\" src=\"https:\/\/www.stadtkulturbeirat-steyr.at\/wp-content\/uploads\/2023\/09\/image.png\" alt=\"\" class=\"wp-image-224\" style=\"width:404px;height:359px\" width=\"404\" height=\"359\" srcset=\"https:\/\/www.stadtkulturbeirat-steyr.at\/wp-content\/uploads\/2023\/09\/image.png 519w, https:\/\/www.stadtkulturbeirat-steyr.at\/wp-content\/uploads\/2023\/09\/image-300x266.png 300w\" sizes=\"auto, (max-width: 404px) 100vw, 404px\" \/><\/figure>\n<\/div>\n<\/div>\n\n\n\n<div class=\"wp-block-columns is-layout-flex wp-container-core-columns-is-layout-28f84493 wp-block-columns-is-layout-flex\">\n<div class=\"wp-block-column is-layout-flow wp-block-column-is-layout-flow\">\n<figure class=\"wp-block-embed is-type-video is-provider-youtube wp-block-embed-youtube wp-embed-aspect-16-9 wp-has-aspect-ratio\"><div class=\"wp-block-embed__wrapper\">\n<iframe loading=\"lazy\" title=\"Steyrer Kulturplattform 2018 - \u00dcberblick &amp; Interviews\" width=\"950\" height=\"534\" src=\"https:\/\/www.youtube.com\/embed\/Cgh1MaZ1bvw?feature=oembed\" frameborder=\"0\" allow=\"accelerometer; autoplay; clipboard-write; encrypted-media; gyroscope; picture-in-picture; web-share\" allowfullscreen><\/iframe>\n<\/div><figcaption class=\"wp-element-caption\">Steyrer Kulturplattform 2018 &#8211;<br>\u00dcberblick und Interviews<\/figcaption><\/figure>\n<\/div>\n\n\n\n<div class=\"wp-block-column is-layout-flow wp-block-column-is-layout-flow\">\n<figure class=\"wp-block-embed is-type-video is-provider-youtube wp-block-embed-youtube wp-embed-aspect-16-9 wp-has-aspect-ratio\"><div class=\"wp-block-embed__wrapper\">\n<iframe loading=\"lazy\" title=\"Steyrer Kulturplattform 2018 - Vortrag Dr. Herta Hei\u00df &amp; Prof. Dr. Michael John\" width=\"950\" height=\"534\" src=\"https:\/\/www.youtube.com\/embed\/NzFqtZHQkwg?feature=oembed\" frameborder=\"0\" allow=\"accelerometer; autoplay; clipboard-write; encrypted-media; gyroscope; picture-in-picture; web-share\" allowfullscreen><\/iframe>\n<\/div><figcaption class=\"wp-element-caption\">Steyrer Kulturplattform 2018 &#8211;<br>Vortrag Dr. Herta Hei\u00df &amp; Prof. Dr. Michael John<\/figcaption><\/figure>\n<\/div>\n\n\n\n<div class=\"wp-block-column is-layout-flow wp-block-column-is-layout-flow\">\n<figure class=\"wp-block-embed is-type-video is-provider-youtube wp-block-embed-youtube wp-embed-aspect-16-9 wp-has-aspect-ratio\"><div class=\"wp-block-embed__wrapper\">\n<iframe loading=\"lazy\" title=\"Steyrer Kulturplattform 2018 - Vortrag Kurt Farasin\" width=\"950\" height=\"534\" src=\"https:\/\/www.youtube.com\/embed\/LEO8XDfbo6M?feature=oembed\" frameborder=\"0\" allow=\"accelerometer; autoplay; clipboard-write; encrypted-media; gyroscope; picture-in-picture; web-share\" allowfullscreen><\/iframe>\n<\/div><figcaption class=\"wp-element-caption\">Steyrer Kulturplattform 2018 &#8211;<br>Vortrag&nbsp;von Herrn Farasin<\/figcaption><\/figure>\n<\/div>\n<\/div>\n\n\n\n<div class=\"wp-block-columns is-layout-flex wp-container-core-columns-is-layout-28f84493 wp-block-columns-is-layout-flex\">\n<div class=\"wp-block-column is-layout-flow wp-block-column-is-layout-flow\">\n<figure class=\"wp-block-embed is-type-video is-provider-youtube wp-block-embed-youtube wp-embed-aspect-16-9 wp-has-aspect-ratio\"><div class=\"wp-block-embed__wrapper\">\n<iframe loading=\"lazy\" title=\"Steyrer Kulturplattform 2018 - F\u00f6rderm\u00f6glichkeiten f\u00fcr das Rahmenprogramm\" width=\"950\" height=\"534\" src=\"https:\/\/www.youtube.com\/embed\/zY9c05V1Pvc?feature=oembed\" frameborder=\"0\" allow=\"accelerometer; autoplay; clipboard-write; encrypted-media; gyroscope; picture-in-picture; web-share\" allowfullscreen><\/iframe>\n<\/div><figcaption class=\"wp-element-caption\">Steyrer Kulturplattform 2018 &#8211;<br>Vortr\u00e4ge vom&nbsp;Land O\u00d6 &#8211;&nbsp;Erl\u00e4uterung der&nbsp;<strong>F\u00f6rderm\u00f6glichkeiten<\/strong>&nbsp;f\u00fcr das Rahmenprogramm der Landesausstellung &#8230;<\/figcaption><\/figure>\n<\/div>\n\n\n\n<div class=\"wp-block-column is-layout-flow wp-block-column-is-layout-flow\">\n<figure class=\"wp-block-embed is-type-video is-provider-youtube wp-block-embed-youtube wp-embed-aspect-16-9 wp-has-aspect-ratio\"><div class=\"wp-block-embed__wrapper\">\n<iframe loading=\"lazy\" title=\"Steyrer Kulturplattform 2018 - Projektvorstellung der B\u00fcrgerinnen und B\u00fcrger\" width=\"950\" height=\"534\" src=\"https:\/\/www.youtube.com\/embed\/bWtJhJAfjv8?feature=oembed\" frameborder=\"0\" allow=\"accelerometer; autoplay; clipboard-write; encrypted-media; gyroscope; picture-in-picture; web-share\" allowfullscreen><\/iframe>\n<\/div><figcaption class=\"wp-element-caption\">Steyrer Kulturplattform 2018 &#8211;&nbsp;<strong>Projektvorstellungen<\/strong><br><\/figcaption><\/figure>\n<\/div>\n<\/div>\n\n\n\n<hr class=\"wp-block-separator has-text-color has-alpha-channel-opacity has-background is-style-wide\" style=\"background-color:#5c8231;color:#5c8231\"\/>\n\n\n\n<h2 class=\"wp-block-heading has-text-align-center has-text-color\" style=\"color:#5c8231\">Projektliste der KUPF 2018<\/h2>\n\n\n\n<p><br>in alphabetischer Reihenfolge<\/p>\n\n\n\n<figure class=\"wp-block-table\"><table><tbody><tr><td>Name<\/td><td>Projektbeschreibung in Stichworten<\/td><\/tr><tr><td>Aichinger Rainer<\/td><td>Themenf\u00fchrung durch Geheimgang zum Schloss Lamberg<\/td><\/tr><tr><td>Breneis Helmut<\/td><td>Ein Maskottchen f\u00fcr die Landesausstellung 2021<\/td><\/tr><tr><td>Czermak Peter<\/td><td>Widerstandslieder aus drei Jahrhunderten<\/td><\/tr><tr><td>Federsel Anna Maria<\/td><td>Geschriebene Texte<\/td><\/tr><tr><td>Goldene Eisenstrasse<\/td><td>79 Skulpturen in 79 Gemeinden<\/td><\/tr><tr><td>G\u00f6rig Monika<\/td><td>Naschgarten f\u00fcr Alle<\/td><\/tr><tr><td>Haritzer Christopher<\/td><td>Oktett Sepp &#8211; Komposition und Improvisation eines gesellschaftskritischen Gesamtwerkes<\/td><\/tr><tr><td>HLW Steyr + AKKU<\/td><td>Minidramen durch Sch\u00fclerInnen<\/td><\/tr><tr><td>H\u00f6nlinger Silvana<\/td><td>Ballet und Tanzperformance<\/td><\/tr><tr><td>HTL Steyr, Art and Design<\/td><td>\u00d6ffnung der Bl\u00fcmelhuber-Villa &#8211; Ausstellung des Stahlschnittmeisters Bl\u00fcmelhuber &#8211; F\u00fchrungen durch den aktuellen Schulbetrieb<\/td><\/tr><tr><td>Karl Mostb\u00f6ck Archiv<\/td><td>Feier des 100-j\u00e4hrigen Geburtstags von Karl Mostb\u00f6ck in der ehemaligen Bergschule mit einer Reihe von Veranstaltungen<\/td><\/tr><tr><td>Katholische Kirche, Karl Ramsmaier<\/td><td>Projekt Kirche Steyr<\/td><\/tr><tr><td>Krisper Johannes<\/td><td>Artist in Residence f\u00fcr K\u00fcnstler aus den verschiedensten Bereichen<\/td><\/tr><tr><td>Lechner Werner<\/td><td>Working Poor in Steyr<\/td><\/tr><tr><td>Leibetseder Rudolf<\/td><td>Mobile Eisenuhr als Werbetr\u00e4ger<\/td><\/tr><tr><td>Lounge Lane<\/td><td>Lounge-iger Jazz f\u00fcr Konzerte und musikalischer Umrahmung der Veranstaltungen zur Landesausstellung<\/td><\/tr><tr><td>Maier Hannes<\/td><td>Filmprojekt Steyr &#8222;Underdogs&#8220;<\/td><\/tr><tr><td>Mairhofer Till<\/td><td>Theaterst\u00fcck f\u00fcr Jugendliche und Erwachsene zum Thema &#8222;Adel, B\u00fcrger, Arbeiter&#8220;<\/td><\/tr><tr><td>Marinelli Elfie<\/td><td>Spirituelles Steyr<\/td><\/tr><tr><td>Mauthausen Komitee, Karl Ramsmaier<\/td><td>J\u00fcdische B\u00fcrger &#8211; J\u00fcdischer Friedhof &#8211; Stollen der Erinnerung<\/td><\/tr><tr><td>Nagenk\u00f6gl G\u00fcnther<\/td><td>Ausstellung der erfolgreichen Umstellung von der Waffen auf die Automobilerzeugung<\/td><\/tr><tr><td>NEU\/ZEUG &#8211; Barbara Ambros<\/td><td>Kreative Maschinen und manuelle Produktion<br>Symposium<\/td><\/tr><tr><td>NOI \/ FH Steyr<\/td><td>Mehrmonatiger Innovationsprozess &#8211; Einbindung der SteyrerInnen in die Landesausstellung<\/td><\/tr><tr><td>Pohlhammer Ruth und Frieda<\/td><td>Kommentierte Wiederauflage einiger Werke des Steyrer Schriftstellers Aloys Blumauer<\/td><\/tr><tr><td>P\u00f6tzl Eva<\/td><td>Musikfestival Steyr mit einem St\u00fcck zum Thema &#8222;Adel, B\u00fcrger, Arbeiter&#8220;<\/td><\/tr><tr><td>Prachowny Gaby<\/td><td>Schatzsuche zwischen den einzelnen Ausstellungsorten<\/td><\/tr><tr><td>Puekmayr Hermine<\/td><td>Kinderbetreuung&nbsp;f\u00fcr Kinder w\u00e4hrend die Eltern die Ausstellungen besuchen<\/td><\/tr><tr><td>R\u00f6da<\/td><td>***<\/td><\/tr><tr><td>Rossacher Simone<\/td><td>Ausstellung Fundst\u00fccke vom Hackspitz<\/td><\/tr><tr><td>Schmollgruber Friedrich<\/td><td>Eisenuhrenmuseum<\/td><\/tr><tr><td>Sieberer Lili<\/td><td>InTEEgrationsraum &#8211; Freiraum zur individuellen Gestaltung<\/td><\/tr><tr><td>Sinfonieorchester Steyr<\/td><td>Sonderkonzerte zur Landesausstellung<\/td><\/tr><tr><td>Sissa Melitta<\/td><td>Schneideratelier &#8211; Frack &#8211; unikat<\/td><\/tr><tr><td>Wiesinger Ines<\/td><td>Erzeugung vom Steyrer Wappen und Logo als Schmuckst\u00fcck sowie tragbaren Abzeichen<\/td><\/tr><\/tbody><\/table><\/figure>\n\n\n\n<div style=\"height:50px\" aria-hidden=\"true\" class=\"wp-block-spacer\"><\/div>\n","protected":false},"excerpt":{"rendered":"<p>KUPF 2018 5. Steyrer&nbsp;Kulturplattform Die Kulturplattform Steyr stand 2018 ganz im Zeichen der nahenden Ober\u00f6sterreichischen Landesausstellung, die 2021 in Steyr stattfinden soll. Es wurden unz\u00e4hlige Projektideen engagierter B\u00fcrger*innen eingereicht und schlie\u00dflich&nbsp; in die Planung mit einbezogen. Einladung zur Einreichung von Projekten f\u00fcr das Rahmenprogramm f\u00fcr die O\u00d6. Landesausstellung 2021 in Steyr WAS MACHT STEYR BESONDERS? &hellip; <\/p>\n<p class=\"link-more\"><a href=\"https:\/\/www.stadtkulturbeirat-steyr.at\/?page_id=195\" class=\"more-link\">Mehr <span class=\"screen-reader-text\">\u00fcber &#8222;R\u00fcckblick 2018&#8220; <\/span>Lesen<\/a><\/p>\n","protected":false},"author":1,"featured_media":0,"parent":0,"menu_order":0,"comment_status":"closed","ping_status":"closed","template":"","meta":{"inspiro_hide_title":false,"footnotes":""},"class_list":["post-195","page","type-page","status-publish","hentry"],"_links":{"self":[{"href":"https:\/\/www.stadtkulturbeirat-steyr.at\/index.php?rest_route=\/wp\/v2\/pages\/195","targetHints":{"allow":["GET"]}}],"collection":[{"href":"https:\/\/www.stadtkulturbeirat-steyr.at\/index.php?rest_route=\/wp\/v2\/pages"}],"about":[{"href":"https:\/\/www.stadtkulturbeirat-steyr.at\/index.php?rest_route=\/wp\/v2\/types\/page"}],"author":[{"embeddable":true,"href":"https:\/\/www.stadtkulturbeirat-steyr.at\/index.php?rest_route=\/wp\/v2\/users\/1"}],"replies":[{"embeddable":true,"href":"https:\/\/www.stadtkulturbeirat-steyr.at\/index.php?rest_route=%2Fwp%2Fv2%2Fcomments&post=195"}],"version-history":[{"count":3,"href":"https:\/\/www.stadtkulturbeirat-steyr.at\/index.php?rest_route=\/wp\/v2\/pages\/195\/revisions"}],"predecessor-version":[{"id":258,"href":"https:\/\/www.stadtkulturbeirat-steyr.at\/index.php?rest_route=\/wp\/v2\/pages\/195\/revisions\/258"}],"wp:attachment":[{"href":"https:\/\/www.stadtkulturbeirat-steyr.at\/index.php?rest_route=%2Fwp%2Fv2%2Fmedia&parent=195"}],"curies":[{"name":"wp","href":"https:\/\/api.w.org\/{rel}","templated":true}]}}