{"id":193,"date":"2023-09-06T18:26:47","date_gmt":"2023-09-06T18:26:47","guid":{"rendered":"https:\/\/staging.stadtkulturbeirat-steyr.at\/?page_id=193"},"modified":"2023-09-06T19:33:52","modified_gmt":"2023-09-06T19:33:52","slug":"ruckblick-2019","status":"publish","type":"page","link":"https:\/\/www.stadtkulturbeirat-steyr.at\/?page_id=193","title":{"rendered":"R\u00fcckblick 2019"},"content":{"rendered":"\n<h2 class=\"wp-block-heading has-text-align-center has-text-color has-large-font-size\" style=\"color:#5c8231\">KUPF 2019<\/h2>\n\n\n\n<h2 class=\"wp-block-heading has-text-align-center has-text-color\" style=\"color:#5c8231\">6. Steyrer&nbsp;Kulturplattform<\/h2>\n\n\n<div class=\"n2-section-smartslider fitvidsignore  n2_clear\" data-ssid=\"3\" tabindex=\"0\" role=\"region\" aria-label=\"Slider\"><div id=\"n2-ss-3-align\" class=\"n2-ss-align\"><div class=\"n2-padding\"><div id=\"n2-ss-3\" data-creator=\"Smart Slider 3\" data-responsive=\"auto\" class=\"n2-ss-slider n2-ow n2-has-hover n2notransition  \">\n\n\n\n<div class=\"n2-ss-slider-wrapper-inside\">\n        <div class=\"n2-ss-slider-1 n2_ss__touch_element n2-ow\">\n            <div class=\"n2-ss-slider-2 n2-ow\">\n                                                <div class=\"n2-ss-slider-3 n2-ow\">\n\n                    <div class=\"n2-ss-slide-backgrounds n2-ow-all\"><div class=\"n2-ss-slide-background\" data-public-id=\"1\" data-mode=\"fill\"><div class=\"n2-ss-slide-background-image\" data-blur=\"0\" data-opacity=\"100\" data-x=\"50\" data-y=\"50\" data-alt=\"\" data-title=\"\"><picture class=\"skip-lazy\" data-skip-lazy=\"1\"><img decoding=\"async\" src=\"\/\/www.stadtkulturbeirat-steyr.at\/wp-content\/uploads\/slider\/cache\/1cc7910f103f75f1e5056b437149adc8\/image-1-2.jpg\" alt=\"\" title=\"\" loading=\"lazy\" class=\"skip-lazy\" data-skip-lazy=\"1\"><\/picture><\/div><div data-color=\"RGBA(255,255,255,0)\" style=\"background-color: RGBA(255,255,255,0);\" class=\"n2-ss-slide-background-color\"><\/div><\/div><div class=\"n2-ss-slide-background\" data-public-id=\"2\" data-mode=\"fill\" aria-hidden=\"true\"><div class=\"n2-ss-slide-background-image\" data-blur=\"0\" data-opacity=\"100\" data-x=\"50\" data-y=\"50\" data-alt=\"\" data-title=\"\"><picture class=\"skip-lazy\" data-skip-lazy=\"1\"><img decoding=\"async\" src=\"\/\/www.stadtkulturbeirat-steyr.at\/wp-content\/uploads\/slider\/cache\/551c3c35b3847e8148b4bd0a3fe93328\/image-5.jpg\" alt=\"\" title=\"\" loading=\"lazy\" class=\"skip-lazy\" data-skip-lazy=\"1\"><\/picture><\/div><div data-color=\"RGBA(255,255,255,0)\" style=\"background-color: RGBA(255,255,255,0);\" class=\"n2-ss-slide-background-color\"><\/div><\/div><div class=\"n2-ss-slide-background\" data-public-id=\"3\" data-mode=\"fill\" aria-hidden=\"true\"><div class=\"n2-ss-slide-background-image\" data-blur=\"0\" data-opacity=\"100\" data-x=\"50\" data-y=\"50\" data-alt=\"\" data-title=\"\"><picture class=\"skip-lazy\" data-skip-lazy=\"1\"><img decoding=\"async\" src=\"\/\/www.stadtkulturbeirat-steyr.at\/wp-content\/uploads\/slider\/cache\/0fefe254f33a9c608f0b388465aec298\/image-4.jpg\" alt=\"\" title=\"\" loading=\"lazy\" class=\"skip-lazy\" data-skip-lazy=\"1\"><\/picture><\/div><div data-color=\"RGBA(255,255,255,0)\" style=\"background-color: RGBA(255,255,255,0);\" class=\"n2-ss-slide-background-color\"><\/div><\/div><div class=\"n2-ss-slide-background\" data-public-id=\"4\" data-mode=\"fill\" aria-hidden=\"true\"><div class=\"n2-ss-slide-background-image\" data-blur=\"0\" data-opacity=\"100\" data-x=\"50\" data-y=\"50\" data-alt=\"\" data-title=\"\"><picture class=\"skip-lazy\" data-skip-lazy=\"1\"><img decoding=\"async\" src=\"\/\/www.stadtkulturbeirat-steyr.at\/wp-content\/uploads\/slider\/cache\/462b5071cccb912ff5e2381c92bf8f65\/image-3-3.jpg\" alt=\"\" title=\"\" loading=\"lazy\" class=\"skip-lazy\" data-skip-lazy=\"1\"><\/picture><\/div><div data-color=\"RGBA(255,255,255,0)\" style=\"background-color: RGBA(255,255,255,0);\" class=\"n2-ss-slide-background-color\"><\/div><\/div><div class=\"n2-ss-slide-background\" data-public-id=\"5\" data-mode=\"fill\" aria-hidden=\"true\"><div class=\"n2-ss-slide-background-image\" data-blur=\"0\" data-opacity=\"100\" data-x=\"50\" data-y=\"50\" data-alt=\"\" data-title=\"\"><picture class=\"skip-lazy\" data-skip-lazy=\"1\"><img decoding=\"async\" src=\"\/\/www.stadtkulturbeirat-steyr.at\/wp-content\/uploads\/slider\/cache\/5f8c935d4ea16fa29fcb86c9dfb39bcc\/image-2-1.jpg\" alt=\"\" title=\"\" loading=\"lazy\" class=\"skip-lazy\" data-skip-lazy=\"1\"><\/picture><\/div><div data-color=\"RGBA(255,255,255,0)\" style=\"background-color: RGBA(255,255,255,0);\" class=\"n2-ss-slide-background-color\"><\/div><\/div><div class=\"n2-ss-slide-background\" data-public-id=\"6\" data-mode=\"fill\" aria-hidden=\"true\"><div class=\"n2-ss-slide-background-image\" data-blur=\"0\" data-opacity=\"100\" data-x=\"50\" data-y=\"50\" data-alt=\"\" data-title=\"\"><picture class=\"skip-lazy\" data-skip-lazy=\"1\"><img decoding=\"async\" src=\"\/\/www.stadtkulturbeirat-steyr.at\/wp-content\/uploads\/slider\/cache\/5492f7b99f4e3f5980e496244174e337\/image-6.jpg\" alt=\"\" title=\"\" loading=\"lazy\" class=\"skip-lazy\" data-skip-lazy=\"1\"><\/picture><\/div><div data-color=\"RGBA(255,255,255,0)\" style=\"background-color: RGBA(255,255,255,0);\" class=\"n2-ss-slide-background-color\"><\/div><\/div><\/div>                    <div class=\"n2-ss-slider-4 n2-ow\">\n                        <svg xmlns=\"http:\/\/www.w3.org\/2000\/svg\" viewBox=\"0 0 1200 600\" data-related-device=\"desktopPortrait\" class=\"n2-ow n2-ss-preserve-size n2-ss-preserve-size--slider n2-ss-slide-limiter\"><\/svg><div data-first=\"1\" data-slide-duration=\"0\" data-id=\"13\" data-slide-public-id=\"1\" data-title=\"Slide 1\" class=\"n2-ss-slide n2-ow  n2-ss-slide-13\"><div role=\"note\" class=\"n2-ss-slide--focus\" tabindex=\"-1\">Slide 1<\/div><div class=\"n2-ss-layers-container n2-ss-slide-limiter n2-ow\"><div class=\"n2-ss-layer n2-ow n-uc-Xx4ZJNuPgr0f\" data-sstype=\"slide\" data-pm=\"default\"><\/div><\/div><\/div><div data-slide-duration=\"0\" data-id=\"14\" data-slide-public-id=\"2\" aria-hidden=\"true\" data-title=\"Slide 2\" class=\"n2-ss-slide n2-ow  n2-ss-slide-14\"><div role=\"note\" class=\"n2-ss-slide--focus\" tabindex=\"-1\">Slide 2<\/div><div class=\"n2-ss-layers-container n2-ss-slide-limiter n2-ow\"><div class=\"n2-ss-layer n2-ow n-uc-HYRrkS4eeHhy\" data-sstype=\"slide\" data-pm=\"default\"><\/div><\/div><\/div><div data-slide-duration=\"0\" data-id=\"15\" data-slide-public-id=\"3\" aria-hidden=\"true\" data-title=\"Slide 3\" class=\"n2-ss-slide n2-ow  n2-ss-slide-15\"><div role=\"note\" class=\"n2-ss-slide--focus\" tabindex=\"-1\">Slide 3<\/div><div class=\"n2-ss-layers-container n2-ss-slide-limiter n2-ow\"><div class=\"n2-ss-layer n2-ow n-uc-bDkKHK3w4aZu\" data-sstype=\"slide\" data-pm=\"default\"><\/div><\/div><\/div><div data-slide-duration=\"0\" data-id=\"16\" data-slide-public-id=\"4\" aria-hidden=\"true\" data-title=\"Slide 4\" class=\"n2-ss-slide n2-ow  n2-ss-slide-16\"><div role=\"note\" class=\"n2-ss-slide--focus\" tabindex=\"-1\">Slide 4<\/div><div class=\"n2-ss-layers-container n2-ss-slide-limiter n2-ow\"><div class=\"n2-ss-layer n2-ow n-uc-8MRpeEbGGX8p\" data-sstype=\"slide\" data-pm=\"default\"><\/div><\/div><\/div><div data-slide-duration=\"0\" data-id=\"17\" data-slide-public-id=\"5\" aria-hidden=\"true\" data-title=\"Slide 5\" class=\"n2-ss-slide n2-ow  n2-ss-slide-17\"><div role=\"note\" class=\"n2-ss-slide--focus\" tabindex=\"-1\">Slide 5<\/div><div class=\"n2-ss-layers-container n2-ss-slide-limiter n2-ow\"><div class=\"n2-ss-layer n2-ow n-uc-hiblb6Nz6jFE\" data-sstype=\"slide\" data-pm=\"default\"><\/div><\/div><\/div><div data-slide-duration=\"0\" data-id=\"18\" data-slide-public-id=\"6\" aria-hidden=\"true\" data-title=\"Slide 6\" class=\"n2-ss-slide n2-ow  n2-ss-slide-18\"><div role=\"note\" class=\"n2-ss-slide--focus\" tabindex=\"-1\">Slide 6<\/div><div class=\"n2-ss-layers-container n2-ss-slide-limiter n2-ow\"><div class=\"n2-ss-layer n2-ow n-uc-Ftw60NyUaEGm\" data-sstype=\"slide\" data-pm=\"default\"><\/div><\/div><\/div>                    <\/div>\n\n                                    <\/div>\n            <\/div>\n        <\/div>\n        <div class=\"n2-ss-slider-controls n2-ss-slider-controls-absolute-right-bottom\"><div class=\"n2-ss-widget n2-style-52a27b9422f615fb2c24656151df03c2-heading nextend-arrow n2-ow-all nextend-arrow-next  nextend-arrow-animated-fade\" id=\"n2-ss-3-arrow-next\" role=\"button\" aria-label=\"next arrow\" tabindex=\"0\"><img loading=\"lazy\" decoding=\"async\" width=\"32\" height=\"32\" class=\"skip-lazy\" data-skip-lazy=\"1\" src=\"data:image\/svg+xml;base64,PHN2ZyB3aWR0aD0iMzIiIGhlaWdodD0iMzIiIHZpZXdCb3g9IjAgMCAzMiAzMiIgeG1sbnM9Imh0dHA6Ly93d3cudzMub3JnLzIwMDAvc3ZnIj4KICAgIDxwYXRoIGQ9Ik0yMiAxNS45OTd2LS4wMDNjMC0uNDA0LS4xNzYtLjc2OC0uNDYtMS4wMjhoLjAwMmwtOS04LjU3Mi0uMDA0LjAwNEMxMi4yNjggNi4xNSAxMS45MDIgNiAxMS41IDZjLS44MyAwLTEuNS42NC0xLjUgMS40MyAwIC40MzIuMjAzLjgyLjUyMyAxLjA4Mmw3Ljg2IDcuNDg1LTcuOTYzIDcuNTgzYy0uMjYuMjU3LS40Mi42MDYtLjQyLjk5IDAgLjc5LjY3IDEuNDMgMS41IDEuNDMuNDA0IDAgLjc3LS4xNTMgMS4wNC0uNGw5LjAwMi04LjU3di0uMDAyYy4yODItLjI2LjQ1OC0uNjI0LjQ1OC0xLjAyOHYtLjAwM3oiCiAgICAgICAgICBmaWxsPSIjZmZmZmZmIiBvcGFjaXR5PSIxIiBmaWxsLXJ1bGU9ImV2ZW5vZGQiLz4KPC9zdmc+\" alt=\"next arrow\"><\/div><div class=\"n2-ss-widget n2-style-52a27b9422f615fb2c24656151df03c2-heading nextend-arrow n2-ow-all nextend-arrow-previous  nextend-arrow-animated-fade\" id=\"n2-ss-3-arrow-previous\" role=\"button\" aria-label=\"previous arrow\" tabindex=\"0\"><img loading=\"lazy\" decoding=\"async\" width=\"32\" height=\"32\" class=\"skip-lazy\" data-skip-lazy=\"1\" src=\"data:image\/svg+xml;base64,PHN2ZyB3aWR0aD0iMzIiIGhlaWdodD0iMzIiIHZpZXdCb3g9IjAgMCAzMiAzMiIgeG1sbnM9Imh0dHA6Ly93d3cudzMub3JnLzIwMDAvc3ZnIj4KICAgIDxwYXRoIGQ9Ik0yMS41OCAyMy41OGwtNy45NjItNy41ODMgNy44Ni03LjQ4NWMuMzItLjI2Mi41MjItLjY1LjUyMi0xLjA4M0MyMiA2LjY0IDIxLjMyOCA2IDIwLjUgNmMtLjQwMyAwLS43NjguMTUtMS4wMzguMzk4bC0uMDA0LS4wMDQtOSA4LjU3di4wMDJjLS4yODIuMjYtLjQ1OC42MjQtLjQ1OCAxLjAyOFYxNmMwIC40MDQuMTc2Ljc3LjQ2IDEuMDNoLS4wMDJsOSA4LjU3Yy4yNy4yNDcuNjM4LjQgMS4wNDIuNC44MyAwIDEuNS0uNjQgMS41LTEuNDMgMC0uMzg0LS4xNi0uNzMzLS40Mi0uOTl6IgogICAgICAgICAgZmlsbD0iI2ZmZmZmZiIgb3BhY2l0eT0iMSIgZmlsbC1ydWxlPSJldmVub2RkIi8+Cjwvc3ZnPg==\" alt=\"previous arrow\"><\/div><\/div><\/div><\/div><ss3-loader><\/ss3-loader><\/div><\/div><div class=\"n2_clear\"><\/div><\/div>\n\n\n<h3 class=\"wp-block-heading\" id=\"cc-m-header-16524032324\">Wir sind Landesausstellung&nbsp;2021<\/h3>\n\n\n\n<p>Unter diesem Motto lud&nbsp;der Stadtkulturbeirat Steyr zur&nbsp;Steyrer Kulturplattform 2019 am 10. Oktober 2019.<\/p>\n\n\n\n<p>Kreative und aktive Steyrer B\u00fcrgerinnen und B\u00fcrger nutzten&nbsp;die M\u00f6glichkeit, ihre Projekte und Ideen zum Thema der&nbsp;Landesausstellung 2021, vorzustellen und gemeinsam auszutauschen.&nbsp;<\/p>\n\n\n\n<div class=\"wp-block-columns is-layout-flex wp-container-core-columns-is-layout-28f84493 wp-block-columns-is-layout-flex\">\n<div class=\"wp-block-column is-layout-flow wp-block-column-is-layout-flow\">\n<div style=\"height:7px\" aria-hidden=\"true\" class=\"wp-block-spacer\"><\/div>\n\n\n\n<figure class=\"wp-block-embed is-type-video is-provider-youtube wp-block-embed-youtube wp-embed-aspect-16-9 wp-has-aspect-ratio\"><div class=\"wp-block-embed__wrapper\">\n<iframe loading=\"lazy\" title=\"Die Steyrer Kulturplattform 2019\" width=\"950\" height=\"534\" src=\"https:\/\/www.youtube.com\/embed\/7aZCDDtEtms?feature=oembed\" frameborder=\"0\" allow=\"accelerometer; autoplay; clipboard-write; encrypted-media; gyroscope; picture-in-picture; web-share\" allowfullscreen><\/iframe>\n<\/div><\/figure>\n<\/div>\n\n\n\n<div class=\"wp-block-column is-layout-flow wp-block-column-is-layout-flow\">\n<div style=\"height:41px\" aria-hidden=\"true\" class=\"wp-block-spacer\"><\/div>\n\n\n\n<p>Noch mehr bildliche Eindr\u00fccke erhalten Sie auf unserer FACEBOOK-Seite im Album&nbsp;<a rel=\"noreferrer noopener\" href=\"https:\/\/www.facebook.com\/media\/set\/?set=a.711662459317899&amp;type=3\" target=\"_blank\">&#8222;Kulturplattform-Steyr- 2019&#8220;<\/a><br><em>Alle Fotos hier und auf FB: \u00a9Ute Fickert.<\/em><\/p>\n<\/div>\n<\/div>\n\n\n\n<div style=\"height:50px\" aria-hidden=\"true\" class=\"wp-block-spacer\"><\/div>\n","protected":false},"excerpt":{"rendered":"<p>KUPF 2019 6. Steyrer&nbsp;Kulturplattform Wir sind Landesausstellung&nbsp;2021 Unter diesem Motto lud&nbsp;der Stadtkulturbeirat Steyr zur&nbsp;Steyrer Kulturplattform 2019 am 10. Oktober 2019. Kreative und aktive Steyrer B\u00fcrgerinnen und B\u00fcrger nutzten&nbsp;die M\u00f6glichkeit, ihre Projekte und Ideen zum Thema der&nbsp;Landesausstellung 2021, vorzustellen und gemeinsam auszutauschen.&nbsp; Noch mehr bildliche Eindr\u00fccke erhalten Sie auf unserer FACEBOOK-Seite im Album&nbsp;&#8222;Kulturplattform-Steyr- 2019&#8220;Alle Fotos hier &hellip; <\/p>\n<p class=\"link-more\"><a href=\"https:\/\/www.stadtkulturbeirat-steyr.at\/?page_id=193\" class=\"more-link\">Mehr <span class=\"screen-reader-text\">\u00fcber &#8222;R\u00fcckblick 2019&#8220; <\/span>Lesen<\/a><\/p>\n","protected":false},"author":1,"featured_media":0,"parent":0,"menu_order":0,"comment_status":"closed","ping_status":"closed","template":"","meta":{"inspiro_hide_title":false,"footnotes":""},"class_list":["post-193","page","type-page","status-publish","hentry"],"_links":{"self":[{"href":"https:\/\/www.stadtkulturbeirat-steyr.at\/index.php?rest_route=\/wp\/v2\/pages\/193","targetHints":{"allow":["GET"]}}],"collection":[{"href":"https:\/\/www.stadtkulturbeirat-steyr.at\/index.php?rest_route=\/wp\/v2\/pages"}],"about":[{"href":"https:\/\/www.stadtkulturbeirat-steyr.at\/index.php?rest_route=\/wp\/v2\/types\/page"}],"author":[{"embeddable":true,"href":"https:\/\/www.stadtkulturbeirat-steyr.at\/index.php?rest_route=\/wp\/v2\/users\/1"}],"replies":[{"embeddable":true,"href":"https:\/\/www.stadtkulturbeirat-steyr.at\/index.php?rest_route=%2Fwp%2Fv2%2Fcomments&post=193"}],"version-history":[{"count":4,"href":"https:\/\/www.stadtkulturbeirat-steyr.at\/index.php?rest_route=\/wp\/v2\/pages\/193\/revisions"}],"predecessor-version":[{"id":257,"href":"https:\/\/www.stadtkulturbeirat-steyr.at\/index.php?rest_route=\/wp\/v2\/pages\/193\/revisions\/257"}],"wp:attachment":[{"href":"https:\/\/www.stadtkulturbeirat-steyr.at\/index.php?rest_route=%2Fwp%2Fv2%2Fmedia&parent=193"}],"curies":[{"name":"wp","href":"https:\/\/api.w.org\/{rel}","templated":true}]}}