{"id":154,"date":"2023-09-06T13:09:04","date_gmt":"2023-09-06T13:09:04","guid":{"rendered":"https:\/\/staging.stadtkulturbeirat-steyr.at\/?page_id=154"},"modified":"2023-10-23T09:05:47","modified_gmt":"2023-10-23T09:05:47","slug":"datenschutz","status":"publish","type":"page","link":"https:\/\/www.stadtkulturbeirat-steyr.at\/?page_id=154","title":{"rendered":"Datenschutz"},"content":{"rendered":"\n<h2 class=\"wp-block-heading has-text-align-center has-text-color has-large-font-size\" style=\"color:#5c8231\">DATENSCHUTZERKL\u00c4RUNG<\/h2>\n\n\n\n<p class=\"has-text-align-center\"><strong>Erkl\u00e4rung zur Informationspflicht (Datenschutzerkl\u00e4rung)<\/strong><\/p>\n\n\n\n<p>Der Schutz Ihrer pers\u00f6nlichen Daten ist uns ein besonderes Anliegen. Wir verarbeiten Ihre Daten daher ausschlie\u00dflich auf Grundlage der gesetzlichen Bestimmungen (DSGVO, TKG 2003). In diesen Datenschutzinformationen informieren wir Sie \u00fcber die wichtigsten Aspekte der Datenverarbeitung im Rahmen unserer Website.<\/p>\n\n\n\n<p><strong>Kontakt mit uns<\/strong><\/p>\n\n\n\n<p>Wenn Sie per Formular auf der Website oder per E-Mail Kontakt mit uns [<a href=\"mailto:kontakt@stadtkulturbeirat-steyr.at\">kontakt@stadtkulturbeirat-steyr.at<\/a>]  aufnehmen, werden Ihre angegebenen Daten zwecks Bearbeitung der Anfrage und f\u00fcr den Fall von Anschlussfragen sechs Monate bei uns gespeichert. Diese Daten geben wir nicht ohne Ihre Einwilligung weiter.<\/p>\n\n\n\n<p><strong>Information und Newsletter<\/strong><\/p>\n\n\n\n<p>Wenn Sie uns per Formular, Mail oder auf andere Weise ihr Interesse an unseren T\u00e4tigkeiten und Veranstaltungen und somit Ihre Kontaktdaten \u00fcbermittelt haben, speichern wir diese zum Zwecke der Kommunikation mit Ihnen, bis Sie Ihre Einwilligung schriftlich widerrufen.<\/p>\n\n\n\n<p><strong>Ihre Rechte<\/strong><\/p>\n\n\n\n<p>Ihnen stehen bez\u00fcglich Ihrer bei uns gespeicherten Daten grunds\u00e4tzlich die Rechte auf Auskunft, Berichtigung, L\u00f6schung, Einschr\u00e4nkung, Daten\u00fcbertragbarkeit, Widerruf und Widerspruch zu. Wenn Sie glauben, dass die Verarbeitung Ihrer Daten gegen das Datenschutzrecht verst\u00f6\u00dft oder Ihre datenschutzrechtlichen Anspr\u00fcche sonst in einer Weise verletzt worden sind, k\u00f6nnen Sie sich bei der uns [<a href=\"mailto:kontakt@stadtkulturbeirat-steyr.at\">kontakt@stadtkulturbeirat-steyr.at<\/a>] oder der Datenschutzbeh\u00f6rde beschweren.<\/p>\n\n\n\n<p><strong>Fotos von Veranstaltungen<\/strong><\/p>\n\n\n\n<p>Wir fertigen bei Veranstaltungen (z.B. bei Messen, Firmenveranstaltungen etc.) Fotos, Videos und\/oder Tonaufnahmen an, welche auf der Website und in Social Media Kan\u00e4len sowie in Printmedien (beispielsweise Presseinformationen etc.) ver\u00f6ffentlicht werden. Diese dienen unserer \u00d6ffentlichkeitsarbeit und Darstellung unserer Aktivit\u00e4ten. Wir st\u00fctzen dies auf unser berechtigtes Interesse. Wir gehen davon aus, dass unser beschriebenes Interesse an der Erstellung und Verwendung der Fotos nicht \u00fcberm\u00e4\u00dfig in die Rechte und Freiheiten der nat\u00fcrlichen Personen eingreift. Dies insbesondere da sich diese freiwillig in den \u00f6ffentlichen Raum begeben haben und im Vorfeld und bei der Veranstaltung u.a. durch Hinweisschilder auf die Anfertigung und Verwendung der Bild- und Tonaufnahmen hingewiesen werden. Sollten aus besonders ber\u00fccksichtigungsw\u00fcrdigen Gr\u00fcnden die Rechte und Freiheiten einer abgebildeten Person verletzt sein, werden wir durch geeignete Ma\u00dfnahmen die weitere Verarbeitung unterlassen. Eine Unkenntlichmachung in bereits ausgeh\u00e4ndigten Printmedien kann nicht erfolgen. Eine L\u00f6schung auf unserer Website oder in Social Media Kan\u00e4len erfolgt im Rahmen der technischen M\u00f6glichkeiten.<\/p>\n\n\n\n<p><strong>Sie erreichen uns unter folgenden Kontaktdaten:<\/strong><\/p>\n\n\n\n<p>Stadtkulturbeirat Steyr, <a href=\"mailto:kontakt@stadtkulturbeirat-steyr.at\">kontakt@stadtkulturbeirat-steyr.at<\/a><\/p>\n\n\n\n<h2 class=\"wp-block-heading has-text-align-center has-text-color has-large-font-size\" style=\"color:#5c8231\">DATENSCHUTZERKL\u00c4RUNG<\/h2>\n\n\n\n<p>Zum Schutz Ihrer Anfragen per Internetformular verwenden wir den Dienst reCAPTCHA des Unternehmens Google LLC (Google). Die Abfrage dient der Unterscheidung, ob die Eingabe durch einen Menschen oder missbr\u00e4uchlich durch automatisierte, maschinelle Verarbeitung erfolgt. Die Abfrage schlie\u00dft den Versand der IP-Adresse und ggf. weiterer von Google f\u00fcr den Dienst reCAPTCHA ben\u00f6tigter Daten an Google ein. Zu diesem Zweck wird Ihre Eingabe an Google \u00fcbermittelt und dort weiter verwendet. Ihre IP-Adresse wird von Google jedoch innerhalb von Mitgliedstaaten der Europ\u00e4ischen Union oder in anderen Vertragsstaaten des Abkommens \u00fcber den Europ\u00e4ischen Wirtschaftsraum zuvor gek\u00fcrzt. Nur in Ausnahmef\u00e4llen wird die volle IP-Adresse an einen Server von Google in den USA \u00fcbertragen und dort gek\u00fcrzt. Im Auftrag des Betreibers dieser Website wird Google diese Informationen benutzen, um Ihre Nutzung dieses Dienstes auszuwerten. Die im Rahmen von reCaptcha von Ihrem Browser \u00fcbermittelte IP-Adresse wird nicht mit anderen Daten von Google zusammengef\u00fchrt. F\u00fcr diese Daten gelten die abweichenden Datenschutzbestimmungen des Unternehmens Google. Weitere Informationen zu den Datenschutzrichtlinien von Google finden Sie unter: <a href=\"https:\/\/policies.google.com\/privacy?hl=de\">https:\/\/policies.google.com\/privacy?hl=de<\/a><\/p>\n\n\n\n<div style=\"height:50px\" aria-hidden=\"true\" class=\"wp-block-spacer\"><\/div>\n","protected":false},"excerpt":{"rendered":"<p>DATENSCHUTZERKL\u00c4RUNG Erkl\u00e4rung zur Informationspflicht (Datenschutzerkl\u00e4rung) Der Schutz Ihrer pers\u00f6nlichen Daten ist uns ein besonderes Anliegen. Wir verarbeiten Ihre Daten daher ausschlie\u00dflich auf Grundlage der gesetzlichen Bestimmungen (DSGVO, TKG 2003). In diesen Datenschutzinformationen informieren wir Sie \u00fcber die wichtigsten Aspekte der Datenverarbeitung im Rahmen unserer Website. Kontakt mit uns Wenn Sie per Formular auf der Website &hellip; <\/p>\n<p class=\"link-more\"><a href=\"https:\/\/www.stadtkulturbeirat-steyr.at\/?page_id=154\" class=\"more-link\">Mehr <span class=\"screen-reader-text\">\u00fcber &#8222;Datenschutz&#8220; <\/span>Lesen<\/a><\/p>\n","protected":false},"author":3,"featured_media":0,"parent":0,"menu_order":0,"comment_status":"closed","ping_status":"closed","template":"","meta":{"inspiro_hide_title":false,"footnotes":""},"class_list":["post-154","page","type-page","status-publish","hentry"],"_links":{"self":[{"href":"https:\/\/www.stadtkulturbeirat-steyr.at\/index.php?rest_route=\/wp\/v2\/pages\/154","targetHints":{"allow":["GET"]}}],"collection":[{"href":"https:\/\/www.stadtkulturbeirat-steyr.at\/index.php?rest_route=\/wp\/v2\/pages"}],"about":[{"href":"https:\/\/www.stadtkulturbeirat-steyr.at\/index.php?rest_route=\/wp\/v2\/types\/page"}],"author":[{"embeddable":true,"href":"https:\/\/www.stadtkulturbeirat-steyr.at\/index.php?rest_route=\/wp\/v2\/users\/3"}],"replies":[{"embeddable":true,"href":"https:\/\/www.stadtkulturbeirat-steyr.at\/index.php?rest_route=%2Fwp%2Fv2%2Fcomments&post=154"}],"version-history":[{"count":3,"href":"https:\/\/www.stadtkulturbeirat-steyr.at\/index.php?rest_route=\/wp\/v2\/pages\/154\/revisions"}],"predecessor-version":[{"id":376,"href":"https:\/\/www.stadtkulturbeirat-steyr.at\/index.php?rest_route=\/wp\/v2\/pages\/154\/revisions\/376"}],"wp:attachment":[{"href":"https:\/\/www.stadtkulturbeirat-steyr.at\/index.php?rest_route=%2Fwp%2Fv2%2Fmedia&parent=154"}],"curies":[{"name":"wp","href":"https:\/\/api.w.org\/{rel}","templated":true}]}}